{"id":5021,"date":"2025-09-25T11:43:25","date_gmt":"2025-09-25T09:43:25","guid":{"rendered":"https:\/\/community.ehc.eu\/bien-vivre-bien-vieillir\/"},"modified":"2026-04-14T16:39:38","modified_gmt":"2026-04-14T14:39:38","slug":"bien-vivre-bien-vieillir","status":"publish","type":"page","link":"https:\/\/community.ehc.eu\/fr\/bien-vivre-bien-vieillir\/","title":{"rendered":"Bien vivre, bien vieillir"},"content":{"rendered":"\n<h3 class=\"wp-block-heading\"><\/h3>\n<!-- hero -->    <section  class=\"subpage-hero text-white bg-bleu\">\n\t\t<div class=\"container\">\n\t\t\t<div class=\"relative z-10\">\n\t\t\t\t<div class=\"pt-16 lg:pt-24 pb-24 lg:pb-32\">\n\t\t\t\t\t<div class=\"row justify-between gap-10 lg:gap-0 mt-10 text-center lg:text-left\">\n\t\t\t\t\t\t<div class=\"w-full lg:w-5\/12 lg:self-center\">\n\t\t\t\t\t\t\t\t\t\t\t\t\t\t\t<div class=\"title h2 w-full\" data-scroll data-fade-up>\n\t\t\t\t\t\t\t\t\t<p class=\"text-[115%]\">Bien vivre, bien vieillir<\/p>\n\t\t\t\t\t\t\t\t<\/div>\n\t\t\t\t\t\t\t\t\t\t\t\t\t<\/div>\n\t\t\t\t\t\t<div class=\"w-full lg:w-5\/12 lg:self-center\">\n\t\t\t\t\t\t\t\t\t\t\t\t\t\t\t\t\t\t\t\t<\/div>\n\t\t\t\t\t<\/div>\n\t\t\t\t<\/div>\n\t\t\t<\/div>\n\t\t<\/div>\n\t\t\t\t\t<figure class=\"absolute size-[82.8rem] bottom-[-30%] left-[-10%] image-contain opacity-40\" data-parallax>\n\t\t\t\t<img decoding=\"async\" loading=\"lazy\" src=\"https:\/\/community.ehc.eu\/wp-content\/themes\/cbd\/img\/content-logo-colorfull.svg\" alt=\"content-logo-colorfull\">\n\t\t\t<\/figure>\n\t\t\t<\/section>\n<!-- overview --><section  class=\"s-overlay-img s-padding bg-bleu\">\n\t<div class=\"container\">\n\t\t<div class=\"row w-full lg:flex-row justify-between text-center lg:text-left gap-14 lg:gap-0 relative z-10\">\n\t\t\t\t\t\t<div class=\"w-full lg:py-10\">\n\t\t\t\t<div class=\"bg-white min-h-full py-12 px-10 lg:py-24 lg:pl-24 xl:pl-44 relative radius-20 z-10\">\n\t\t\t\t\t\t\t\t\t\t\t\t\t\t\t\t\t\t\t\t\t<div class=\"content mt-8\" data-scroll data-fade-up>\n\t\t\t\t\t\t\t<p><!-- wp:paragraph --><\/p>\n<p>Alors que les personnes atteintes de troubles de la coagulation vivent plus longtemps que jamais, bien vieillir est devenu un axe important du travail de l&rsquo;EHC.<strong><em> Bien vivre, bien vieillir<\/em>, le <\/strong>projet <a href=\"https:\/\/community.ehc.eu\/fr\/focus-area\/vieillissement\/\" target=\"_blank\" rel=\"noopener\">EHC Ageing<\/a> 2025-2026, est une initiative d&rsquo;un an qui rassemble des experts, des patients et des soignants pour explorer comment nous pouvons favoriser une vie saine, active et \u00e9panouissante \u00e0 chaque \u00e9tape du vieillissement pour les personnes atteintes d&rsquo;un trouble de la coagulation.<\/p>\n<p><!-- \/wp:paragraph --> <!-- wp:paragraph --><\/p>\n<p>Par le biais de webinaires, de podcasts, de ressources visuelles et d&rsquo;espaces communautaires interactifs, le projet aborde des sujets cl\u00e9s tels que la nutrition, la mobilit\u00e9, la pr\u00e9vention de la fragilit\u00e9, le bien-\u00eatre mental et les exp\u00e9riences v\u00e9cues par les personnes \u00e2g\u00e9es atteintes de troubles de la coagulation. Chaque mois propose un contenu sp\u00e9cifique, des discussions anim\u00e9es par des experts ou des conseils pratiques, tous con\u00e7us pour permettre aux individus de jouer un r\u00f4le actif dans leur sant\u00e9.<\/p>\n<p><!-- \/wp:paragraph --> <!-- wp:paragraph --><\/p>\n<p>Le <strong>projet \u00ab\u00a0<em>Bien vivre, bien vieillir<\/em><\/strong> \u00a0\u00bb ne consiste pas seulement \u00e0 partager des connaissances, mais aussi \u00e0 cr\u00e9er une communaut\u00e9 de soutien o\u00f9 les gens peuvent apprendre les uns des autres, partager leurs histoires et fa\u00e7onner la conversation sur le vieillissement dans la communaut\u00e9 des troubles de la coagulation.<\/p>\n<p><!-- \/wp:paragraph --> <!-- wp:paragraph --><\/p>\n<p>Rejoignez-nous pour red\u00e9finir ensemble ce que signifie vieillir !<\/p>\n<p><!-- wp:paragraph --><\/p>\n<h4><strong>Formats des \u00e9pisodes<\/strong><\/h4>\n<ul>\n<li><strong style=\"font-size: 16px;\">Webinaires :<\/strong><span style=\"font-size: 16px;\">  des conversations en direct avec des experts, <a href=\"https:\/\/eurobloodnet.eu\/education-2\/patients\/webinars\/topic-on-focus-for-patient\/topic-on-focus-ageing-well-with-rare-bleeding-disorders\/topic-on-focus-ageing-well-with-rare-bleeding-disorders\/\" target=\"_blank\" rel=\"noopener\">en partenariat avec ERN-EuroBloodNet<\/a>. Les inscriptions sont ouvertes \u00e0 toute personne int\u00e9ress\u00e9e par le sujet. Les webinaires seront enregistr\u00e9s et partag\u00e9s sur le site web de la Commission europ\u00e9enne.    <\/span><a style=\"font-size: 16px;\" href=\"https:\/\/youtube.com\/playlist?list=PL-oiIvBt-bQfJZ4aZO71_VippbV_xCVlN&amp;si=kHAzMXYY89106WYL\" target=\"_blank\" rel=\"noopener\">Cha\u00eene YouTube de l&rsquo;EHC<\/a><span style=\"font-size: 16px;\">. Aucun certificat de participation n&rsquo;est pr\u00e9vu.<\/span><\/li>\n<li><strong style=\"font-size: 16px;\">Caf\u00e9 virtuel :<\/strong><span style=\"font-size: 16px;\">  des discussions guid\u00e9es avec des professionnels de la sant\u00e9. Pr\u00e9enregistr\u00e9s, sans possibilit\u00e9 d&rsquo;y assister, ces \u00e9pisodes seront mis \u00e0 la disposition du public sur le site web de la Commission europ\u00e9enne.   <\/span><a style=\"font-size: 16px;\" href=\"https:\/\/youtube.com\/playlist?list=PL-oiIvBt-bQfJZ4aZO71_VippbV_xCVlN&amp;si=kHAzMXYY89106WYL\" target=\"_blank\" rel=\"noopener\">Cha\u00eene YouTube de l&rsquo;EHC<\/a><span style=\"font-size: 16px;\">. Pour faire part de vos questions aux experts, veuillez utiliser le formulaire de la bo\u00eete \u00e0 questions en ligne EHC.  <\/span><a style=\"font-size: 16px;\" href=\"https:\/\/form.dragnsurvey.com\/survey\/r\/a550c1f6?=XXX\" target=\"_blank\" rel=\"noopener\">ici<\/a><span style=\"font-size: 16px;\">.<\/span><\/li>\n<li><strong style=\"font-size: 16px;\">Podcasts des pairs pionniers :<\/strong><span style=\"font-size: 16px;\">  des discussions amicales, de partage d&rsquo;exp\u00e9riences et de soutien entre patients sur diff\u00e9rents sujets. Ces podcasts seront mis \u00e0 la disposition du public sur le site web de la Commission europ\u00e9enne.   <\/span><a style=\"font-size: 16px;\" href=\"https:\/\/open.spotify.com\/playlist\/2ZRN122cU0D8YE8ycNKjIf?si=vuIQIZH_TMmq30H4XQMw5g\" target=\"_blank\" rel=\"noopener\">Compte Spotify de l&rsquo;EHC<\/a><span style=\"font-size: 16px;\">. Pour poser vos questions aux orateurs, veuillez utiliser le formulaire de la bo\u00eete \u00e0 questions en ligne de l&rsquo;EHC.  <\/span><a style=\"font-size: 16px;\" href=\"https:\/\/form.dragnsurvey.com\/survey\/r\/a550c1f6?=XXX\" target=\"_blank\" rel=\"noopener\">ici<\/a><span style=\"font-size: 16px;\">.<\/span><\/li>\n<\/ul>\n<p>Des lignes directrices pratiques et des points saillants seront \u00e9galement \u00e9labor\u00e9s sur la base des discussions, le cas \u00e9ch\u00e9ant.<\/p>\n<p><!-- \/wp:list-item --><\/p>\n<p><!-- \/wp:paragraph --><\/p>\n<p><!-- \/wp:paragraph --><\/p>\n\t\t\t\t\t\t<\/div>\n\t\t\t\t\t\t\t\t\t\t\t\t\t\t<\/div>\n\t\t\t<\/div>\n\t\t<\/div>\n\t<\/div>\n<\/section><!-- overview --><section  class=\"s-overlay-img s-padding bg-bleu\">\n\t<div class=\"container\">\n\t\t<div class=\"row w-full lg:flex-row justify-between text-center lg:text-left gap-14 lg:gap-0 relative z-10\">\n\t\t\t\t\t\t<div class=\"w-full lg:py-10\">\n\t\t\t\t<div class=\"bg-white min-h-full py-12 px-10 lg:py-24 lg:pl-24 xl:pl-44 relative radius-20 z-10\">\n\t\t\t\t\t\t\t\t\t\t\t\t\t\t\t\t\t\t\t\t\t<div class=\"content mt-8\" data-scroll data-fade-up>\n\t\t\t\t\t\t\t<h5><strong>Bo\u00eete \u00e0 questions en ligne EHC<\/strong><\/h5>\n<h5><strong><!-- \/wp:paragraph --> <!-- wp:paragraph --><\/strong><\/h5>\n<p>N\u2019h\u00e9sitez pas \u00e0 nous faire part de vos questions concernant le vieillissement avec un trouble de la coagulation. Nous ferons de notre mieux pour r\u00e9pondre \u00e0 ces questions au cours de ce programme.  <strong>Toutes les questions peuvent \u00eatre pos\u00e9es de mani\u00e8re anonyme.<\/strong>  Posez votre question ou partagez votre histoire en cliquant sur le lien ci-dessous : c&rsquo;est un endroit s\u00fbr o\u00f9 les membres de la communaut\u00e9 peuvent poser leurs questions, partager leurs inqui\u00e9tudes et exprimer leurs espoirs.<\/p>\n\t\t\t\t\t\t<\/div>\n\t\t\t\t\t\t\t\t\t\t                        <div class=\"bottom mt-12\" data-scroll data-fade-up>\n                            <a href=\"https:\/\/form.dragnsurvey.com\/survey\/r\/a550c1f6?=XXX\" target=\"_blank\" class=\"btn with-icon\">\n                                <span>Posez vos questions ici<\/span>\n                            <\/a>\n                        <\/div>\n                    \t\t\t\t<\/div>\n\t\t\t<\/div>\n\t\t<\/div>\n\t<\/div>\n<\/section><!-- overview --><section  class=\"s-overlay-img s-padding bg-blanc\">\n\t<div class=\"container\">\n\t\t<div class=\"row w-full lg:flex-row justify-between text-center lg:text-left gap-14 lg:gap-0 relative z-10\">\n\t\t\t\t\t\t<div class=\"w-full lg:py-10\">\n\t\t\t\t<div class=\"bg-white min-h-full py-12 px-10 lg:py-24 lg:pl-24 xl:pl-44 relative radius-20 z-10\">\n\t\t\t\t\t\t\t\t\t\t\t\t\t\t\t\t<div class=\"title h4 mt-8\" data-scroll data-fade-up>\n\t\t\t\t\t\t\t<p>Programme et intervenants<\/p>\n\t\t\t\t\t\t<\/div>\n\t\t\t\t\t\t\t\t\t\t\t\t\t\t\t\t<div class=\"content mt-8\" data-scroll data-fade-up>\n\t\t\t\t\t\t\t<p><!-- wp:paragraph --><\/p>\n<ul>\n<li>1er octobre 2025 &#8211; <a href=\"https:\/\/youtu.be\/0PzyIUpGvWk?si=JO9uqBFsUg7PLIwY\" target=\"_blank\" rel=\"noopener\"><strong>Lancement du projet lors de la <\/strong><strong>Journ\u00e9e mondiale de la g\u00e9riatrie<\/strong><\/a>  <!-- wp:paragraph --><\/li>\n<li>20 novembre 2025 &#8211; <a href=\"https:\/\/youtu.be\/BrdIsSzBPI0?si=MDGUks1mtGuyi0Z6\" target=\"_blank\" rel=\"noopener\"><strong>Caf\u00e9 virtuel : <\/strong><b data-stringify-type=\"bold\">Bien vieillir &#8211; Repenser le parcours des personnes atteintes de troubles de la coagulation<\/b><\/a><strong> <\/strong>&#8211; Conf\u00e9renciers : Miguel Crato, Olivia Romero Lux, William McKeown<!-- wp:paragraph --><\/li>\n<li>18 d\u00e9cembre 2025 &#8211; <a href=\"https:\/\/youtu.be\/HHkPbAJGM0w?si=tkrYCvr0_iEfeJMX\" target=\"_blank\" rel=\"noopener\"><strong>Caf\u00e9 virtuel : Alimentation et sant\u00e9 osseuse au cours du vieillissement<\/strong><\/a> &#8211; Intervenants : Birkan \u0130lhan, William McKeown &#8211; <strong><a href=\"https:\/\/community.ehc.eu\/wp-content\/uploads\/2025\/12\/EHC-Eating-Well-and-Staying-Strong-Guide.pdf\" target=\"_blank\" rel=\"noopener\">D\u00e9couvrez <em>Eating Well and Staying Strong<\/em><\/a><\/strong><i>En coordination avec la <a href=\"https:\/\/www.eugms.org\/\" target=\"_blank\" rel=\"noopener\">Soci\u00e9t\u00e9 europ\u00e9enne de m\u00e9decine g\u00e9riatrique (EuGMS)<\/a>. <\/i> <!-- wp:paragraph --><\/li>\n<li>22 janvier 2026 &#8211; <a href=\"https:\/\/www.youtube.com\/watch?v=IH8tPfuKfJ8\" target=\"_blank\" rel=\"noopener\"><strong>Webinaire :<\/strong> \u00ab\u00a0<strong>Fort \u00e0 tout \u00e2ge &#8211; Red\u00e9finir ensemble la fragilit\u00e9\u00a0\u00bb<\/strong><\/a> &#8211; Intervenants : Susie Shapiro, William McKeown &#8211; <em>En partenariat avec ERN-EuroBloodNet <\/em>.  <!-- \/wp:paragraph --><!-- wp:paragraph --><\/li>\n<li>23 f\u00e9vrier 2026 \u2014 <a href=\"https:\/\/youtu.be\/Y3CJPwJKyAk?si=lbfMLnUzZbLWYgLp\" target=\"_blank\" rel=\"noopener\"><strong>Virtual Caf\u00e9 Talk :<\/strong> <strong>Vieillir fort &#8211; Rester mobile et pr\u00e9venir les chutes<\/strong><\/a> \u2014 Intervenants : Stephanie Taylor, William McKeown <!-- wp:paragraph -->\u2014 <a href=\"https:\/\/community.ehc.eu\/wp-content\/uploads\/2026\/03\/Staying-Mobile-and-Preventing-Falls-A4.pdf\" target=\"_blank\" rel=\"noopener\"><strong>D\u00e9couvrez<\/strong> <strong>le r\u00e9sum\u00e9 d\u2019une page de l\u2019EHC<\/strong><\/a> avec nos principaux conseils pour rester mobile et pr\u00e9venir les chutes<\/li>\n<li>6 mars 2026 \u2014 <a href=\"https:\/\/open.spotify.com\/episode\/0G0rgHLSEEIyvYaTKqfWm3?si=BZgGxhzJTqeM_FEidCGXkA&amp;context=spotify%3Ashow%3A1DkWEIIlOSSYZm6HhIl1n8\" target=\"_blank\" rel=\"noopener\"><strong>Peer Pioneer Podcast :<\/strong> <strong>Adapter la maison et la vie \u00e0 la retraite<\/strong><\/a> \u2014 Intervenants : Jim O\u2019Leary, Yannick Coll\u00e9<\/li>\n<li>9 mars 2026 &#8211; <a href=\"https:\/\/eurobloodnet.eu\/education-2\/patients\/webinars\/topic-on-focus-for-patient\/topic-on-focus-ageing-well-with-rare-bleeding-disorders\/topic-on-focus-ageing-well-with-rare-bleeding-disorders\/4\/session-2-von-willebrand-factor-and-von-willebrand-disease-in-ageing-mechanisms-evolving-phenotypes-and-clinical-implications\" target=\"_blank\" rel=\"noopener\"><strong><strong>Webinaire :<strong>\u00ab\u00a0Le facteur Von Willebrand et la maladie de von Willebrand dans le vieillissement &#8211; M\u00e9canismes, \u00e9volution des ph\u00e9notypes et implications cliniques\u00a0\u00bb<\/strong><\/strong><\/strong><\/a> &#8211; Intervenants : Flora Peyvandi, Cathy Verbraeken &#8211; <em>En partenariat avec ERN-EuroBloodNet <\/em>.   <!-- wp:paragraph --><br \/>\n<!-- wp:paragraph --><\/li>\n<li>30 mars 2026 \u2014 <a href=\"https:\/\/youtu.be\/UfqSgrSwA-4?si=IQpG8xPt8pAipmC2\" target=\"_blank\" rel=\"noopener\"><strong>Virtual Caf\u00e9 Talk : Adapter la maison et la vie \u00e0 la retraite<\/strong><\/a> \u2014 intervenants : William McKeown, Claire Forde &#8211; <a href=\"https:\/\/community.ehc.eu\/wp-content\/uploads\/2026\/03\/Adapting-Home-and-Life-to-Retirement-A4.pdf\" target=\"_blank\" rel=\"noopener\"><strong>D\u00e9couvrez le r\u00e9sum\u00e9 d\u2019une page de l\u2019EHC<\/strong><\/a> avec nos principaux conseils pour adapter la maison et la vie \u00e0 la retraite<br \/>\n<!-- \/wp:paragraph --><!-- wp:paragraph --><\/li>\n<li>17 avril 2026 &#8211; <strong>Journ\u00e9e mondiale de l&rsquo;h\u00e9mophilie <\/strong> <!-- \/wp:paragraph --> <!-- wp:paragraph --><\/li>\n<li>27 avril 2026 &#8211; <a href=\"https:\/\/eurobloodnet.eu\/education-2\/patients\/webinars\/topic-on-focus-for-patient\/topic-on-focus-ageing-well-with-rare-bleeding-disorders\/topic-on-focus-ageing-well-with-rare-bleeding-disorders\/2\/session-3-bleeding-disorders-and-ageing-shall-i-bleed-less-with-age\" target=\"_blank\" rel=\"noopener\"><strong>Webinaire :<\/strong> \u00ab\u00a0<strong>Troubles de la coagulation et vieillissement &#8211; Vais-je saigner moins avec l&rsquo;\u00e2ge ?\u00a0\u00bb<\/strong><\/a> &#8211; Intervenants : Sophie Susen, Yesim Dargaud, William McKeown &#8211; <em>En partenariat avec ERN-EuroBloodNet <\/em>.  <\/li>\n<li>18 mai 2026 \u2014 <a href=\"https:\/\/eurobloodnet.eu\/education-2\/patients\/webinars\/topic-on-focus-for-patient\/topic-on-focus-ageing-well-with-rare-bleeding-disorders\/topic-on-focus-ageing-well-with-rare-bleeding-disorders\/3\/session-4-cardiovascular-issues-and-other-comorbidities\" target=\"_blank\" rel=\"noopener\"><strong>Webinaire : \u00ab Probl\u00e8mes cardiovasculaires et autres comorbidit\u00e9s \u00bb<\/strong><\/a> \u2014 Intervenants : Roger Schutgens, Bruna Gigante, Alison Dougall, William McKeown \u2014 <em>En partenariat avec ERN-EuroBloodNet et en collaboration avec ERN GUARD-Heart. <\/em> <\/li>\n<li>1er juin 2026 &#8211; <strong>Caf\u00e9 virtuel :<\/strong> <strong>Gestion de la douleur et des articulations<\/strong> &#8211; Intervenants : Anna Wells, William McKeown<!-- wp:paragraph --><\/li>\n<li>22 juin 2026 \u2014 <strong>Peer Pioneer Podcast : Douleur et gestion des articulations<\/strong> \u2014 Intervenants : Augusto Ramoa, Valerie Watson<!-- \/wp:paragraph --><!-- wp:paragraph --><\/li>\n<li>28 ao\u00fbt 2026 \u2014 <strong>Peer Pioneer Podcast :<\/strong> <strong>Relations et vie sociale <\/strong>\u2014 Intervenants : Shagi Galili, Marko Marini\u0107<!-- \/wp:paragraph --><!-- wp:paragraph --><\/li>\n<li>21 Sep 2026 &#8211; <strong>Caf\u00e9 virtuel : Prendre soin des personnes \u00e2g\u00e9es &#8211; Sant\u00e9 mentale et isolement <\/strong>&#8211; Intervenants : Christina Burgess, Gloria Rooney, William McKeown<!-- wp:paragraph --><\/li>\n<li>29 Sep 2026 &#8211; <strong>Table ronde de l&rsquo;EHC sur les questions cardiovasculaires dans les troubles de la coagulation <\/strong>&#8211; Bruxelles, Belgique &#8211; L&rsquo;inscription \u00e0 cet \u00e9v\u00e9nement en personne sera bient\u00f4t ouverte.<!-- \/wp:paragraph --><!-- wp:paragraph --><\/li>\n<li>1er octobre 2026 &#8211; <strong>Journ\u00e9e mondiale de la g\u00e9riatrie<\/strong><\/li>\n<\/ul>\n<p><!-- \/wp:paragraph --> <!-- wp:paragraph --><\/p>\n<h5><strong>L&rsquo;EHC tient \u00e0 remercier tous les intervenants qui ont particip\u00e9 \u00e0 notre programme :  <\/strong><\/h5>\n<h4><!-- \/wp:paragraph --> <!-- wp:paragraph --><\/h4>\n<ul>\n<li><strong>Christina Burgess, <\/strong>fondatrice et directrice g\u00e9n\u00e9rale de l&rsquo;<a href=\"https:\/\/www.eahad.org\/about-eahad\/psychosocial-professionals-committee\/\" target=\"_blank\" rel=\"noopener\">HBDCA<\/a><strong>, <\/strong>pr\u00e9sidente du comit\u00e9 des professionnels psychosociaux de l&rsquo;EAHAD<\/li>\n<li><strong>Yannick<\/strong><strong>Coll\u00e9<\/strong><strong>,<\/strong> pr\u00e9sident de l&rsquo;AFH (Association fran\u00e7aise de l&rsquo;h\u00e9mophilie), France<\/li>\n<li><!-- \/wp:paragraph --><!-- wp:paragraph --><strong>Miguel Crato<\/strong>, Pr\u00e9sident de l&rsquo;EHC, Portugal<\/li>\n<li><strong>Yesim Dargaud, docteur en m\u00e9decine. Professeur <\/strong>\u00e0 l&rsquo;unit\u00e9 d&rsquo;h\u00e9mostase clinique et au centre de traitement complet de l&rsquo;h\u00e9mophilie des h\u00f4pitaux universitaires de Lyon, France.<\/li>\n<li><strong>Alison Dougall, professeur, <\/strong>directrice du d\u00e9partement de sant\u00e9 publique dentaire et infantile au TRINITY College de Dublin et consultante\/professeur en soins dentaires sp\u00e9ciaux \u00e0 l&rsquo;h\u00f4pital dentaire de l&rsquo;universit\u00e9 de Dublin, Irlande.<\/li>\n<li><strong>Claire Forde, <\/strong>ergoth\u00e9rapeute, Belfast Haemophilia Comprehensive Care Centre, Royaume-Uni<\/li>\n<li><strong>Shagi Galili, <\/strong>PDG de l&rsquo;ALEH (Association isra\u00e9lienne de l&rsquo;h\u00e9mophilie), Isra\u00ebl, <a href=\"https:\/\/community.ehc.eu\/fr\/focus-area\/sante-mentale\/\" target=\"_blank\" rel=\"noopener\">membre du groupe de travail sur la sant\u00e9 mentale de l&rsquo;EHC<\/a><!-- wp:paragraph --><\/li>\n<li><strong>Bruna Gigante,<\/strong><strong> <b>professeur <\/b><\/strong>associ\u00e9, consultant principal en \u00e9pid\u00e9miologie, sp\u00e9cialis\u00e9 en m\u00e9decine cardiovasculaire, h\u00f4pital universitaire Karolinska, Stockholm, Su\u00e8de.<\/li>\n<li><strong><b>Birkan \u0130lhan<\/b><b>Professeur associ\u00e9 MD..,   <\/b><span style=\"font-weight: 400;\">G\u00e9riatre, <\/span><span style=\"font-weight: 400;\">H\u00f4pital Liv Vadistanbul, Istanbul, Turquie<\/span><\/strong><br \/>\n<!-- wp:paragraph --><\/li>\n<li><strong>Marko Marini\u0107, docteur en m\u00e9decine,<\/strong> pr\u00e9sident de Dru\u0161tvo hemofili\u010dara Hrvatske (la soci\u00e9t\u00e9 croate d&rsquo;h\u00e9mophilie), Croatie.<\/li>\n<li><strong>Augusto Ramoa, <\/strong>Vice-pr\u00e9sident de l\u2019Associa\u00e7\u00e3o Portuguesa de Hemofilia e de outras Coagulopatias Cong\u00e9nitas (APH), Portugal<\/li>\n<li><strong>Olivia Romero Lux,<\/strong> PDG de l&rsquo;EHC, France<!-- \/wp:paragraph --><br \/>\n<!-- wp:paragraph --><\/li>\n<li><strong>William McKeown, Dr<\/strong>, membre du comit\u00e9 de pilotage de l&rsquo;EHC, g\u00e9riatre consultant et m\u00e9decin sp\u00e9cialiste des accidents vasculaires c\u00e9r\u00e9braux, responsable du programme de premier cycle sur le vieillissement et la sant\u00e9 \u00e0 l&rsquo;universit\u00e9 Queen&rsquo;s de Belfast, Royaume-Uni.<\/li>\n<li><strong>Jim O&rsquo;Leary<\/strong>, membre du conseil d&rsquo;administration de la Soci\u00e9t\u00e9 irlandaise d&rsquo;h\u00e9mophilie (IHS), Irlande, <a href=\"https:\/\/community.ehc.eu\/fr\/focus-area\/reseau-europeen-des-produits-rares-et-des-inhibiteurs\/\" target=\"_blank\" rel=\"noopener\">membre du comit\u00e9 du r\u00e9seau europ\u00e9en des produits rares et des inhibiteurs (ERIN) de l&rsquo;EHC<\/a>.<br \/>\n<!-- \/wp:paragraph --> <!-- wp:paragraph --><\/li>\n<li><strong>Flora Peyvandi, <\/strong>professeur titulaire de m\u00e9decine interne \u00e0 l&rsquo;universit\u00e9 de Milan et directrice du centre d&rsquo;h\u00e9mophilie et de thrombose Angelo Bianchi Bonomi \u00e0 l&rsquo;h\u00f4pital Policlinic de Milan. Chef du d\u00e9partement de physiopathologie et de transplantation de l&rsquo;universit\u00e9 de Milan, Italie. <\/li>\n<li><strong><strong>Gloria Rooney, <\/strong><\/strong>Assistante sociale m\u00e9dicale senior, National Coagulation Centre, St James&rsquo;s Hospital, Dublin, Irlande, <a href=\"https:\/\/www.eahad.org\/about-eahad\/psychosocial-professionals-committee\/\" target=\"_blank\" rel=\"noopener\">Comit\u00e9 des professionnels psychosociaux de l&rsquo;EAHAD<\/a><\/li>\n<li><strong>Roger Schutgens, professeur, <\/strong>chef de service, centre d&rsquo;h\u00e9matologie b\u00e9nigne, thrombose et h\u00e9mostase, UMC Utrecht, Pays-Bas<\/li>\n<li><strong>Susie Shapiro, Prof.<\/strong>H\u00f4pital universitaire d&rsquo;Oxford, Oxford, Royaume-Uni  <!-- \/wp:paragraph --><br \/>\n<!-- wp:paragraph --><\/li>\n<li><strong>Sophie Susen, docteur en m\u00e9decine, <\/strong>professeur au d\u00e9partement d&rsquo;h\u00e9matologie et chef du d\u00e9partement d&rsquo;h\u00e9mostase et de transfusion, CHU de Lille, France<\/li>\n<li><strong>Stephanie Taylor,<\/strong> physioth\u00e9rapeute sp\u00e9cialis\u00e9e, Oxford Haemophilia and Thrombosis Centre, Royaume-Uni<\/li>\n<li><strong>Cathy Verbraeken, <\/strong><a href=\"https:\/\/community.ehc.eu\/fr\/focus-area\/la-maladie-de-von-willebrand-mvw\/\" target=\"_blank\" rel=\"noopener\">Membre du comit\u00e9 de la maladie de von Willebrand de l&rsquo;EHC <\/a> <\/li>\n<li><strong>Valerie Watson, <\/strong>D\u00e9fenseur des patients, Royaume-Uni<\/li>\n<li><strong>Anna Wells<\/strong>, physioth\u00e9rapeute en pratique avanc\u00e9e dans le domaine de l&rsquo;h\u00e9mophilie, Centre d&rsquo;h\u00e9mophilie, d&rsquo;h\u00e9mostase et de thrombose, Hampshire Hospitals NHS Foundation Trust, Royaume-Uni<\/li>\n<\/ul>\n<p><em>Le programme est cr\u00e9\u00e9 et anim\u00e9 par <strong>Daria Camilli,<\/strong> responsable de l&rsquo;\u00e9ducation et de la communication \u00e0 l&rsquo;EHC, en coordination avec <strong>William McKeown<\/strong>.<\/em><\/p>\n<h5><strong>L&rsquo;EHC souhaite remercier l&rsquo;ERN-EuroBloodNet pour son partenariat sur les quatre webinaires de ce programme d&rsquo;\u00e9ducation et de sensibilisation.<\/strong><\/h5>\n<p><img loading=\"lazy\" decoding=\"async\" class=\"aligncenter wp-image-4122 \" src=\"https:\/\/community.ehc.eu\/wp-content\/uploads\/2025\/09\/2-2.jpg\" alt=\"\" width=\"192\" height=\"85\" srcset=\"https:\/\/community.ehc.eu\/wp-content\/uploads\/2025\/09\/2-2.jpg 500w, https:\/\/community.ehc.eu\/wp-content\/uploads\/2025\/09\/2-2-300x133.jpg 300w\" sizes=\"auto, (max-width: 192px) 100vw, 192px\" \/><\/p>\n<p><em>Les webinaires sont anim\u00e9s par <strong>Daria Camilli<\/strong>, responsable de l&rsquo;\u00e9ducation et de la communication \u00e0 l&rsquo;EHC, et <strong>Hiba Fadlallah<\/strong>, responsable du programme \u00e9ducatif et des patients \u00e0 l&rsquo;ERN-EuroBloodNet.<\/em><\/p>\n\t\t\t\t\t\t<\/div>\n\t\t\t\t\t\t\t\t\t\t\t\t\t\t<\/div>\n\t\t\t<\/div>\n\t\t<\/div>\n\t<\/div>\n<\/section>\n<figure class=\"wp-block-embed is-type-video is-provider-youtube wp-block-embed-youtube wp-embed-aspect-16-9 wp-has-aspect-ratio\"><div class=\"wp-block-embed__wrapper\">\n<div class=\"jetpack-video-wrapper\"><iframe loading=\"lazy\" title=\"Ageing with a bleeding disorder: a new chapter\" width=\"500\" height=\"281\" src=\"https:\/\/www.youtube.com\/embed\/0PzyIUpGvWk?feature=oembed\" frameborder=\"0\" allow=\"accelerometer; autoplay; clipboard-write; encrypted-media; gyroscope; picture-in-picture; web-share\" referrerpolicy=\"strict-origin-when-cross-origin\" allowfullscreen><\/iframe><\/div>\n<\/div><\/figure>\n<!-- overview --><section  class=\"s-overlay-img s-padding bg-bleu\">\n\t<div class=\"container\">\n\t\t<div class=\"row w-full lg:flex-row justify-between text-center lg:text-left gap-14 lg:gap-0 relative z-10\">\n\t\t\t\t\t\t<div class=\"w-full lg:py-10\">\n\t\t\t\t<div class=\"bg-white min-h-full py-12 px-10 lg:py-24 lg:pl-24 xl:pl-44 relative radius-20 z-10\">\n\t\t\t\t\t\t\t\t\t\t\t\t\t\t\t\t\t\t\t\t\t<div class=\"content mt-8\" data-scroll data-fade-up>\n\t\t\t\t\t\t\t<h5><strong>Clause de non-responsabilit\u00e9<\/strong><\/h5>\n<p><em>Ce programme est uniquement \u00e0 titre informatif et \u00e9ducatif. Il est d\u00e9velopp\u00e9, cr\u00e9\u00e9 et mis en \u0153uvre par l\u2019EHC ind\u00e9pendamment de l\u2019industrie.  Si vous trouvez des inexactitudes, veuillez les signaler \u00e0 l\u2019adresse suivante  <\/em><strong><a href=\"mailto:education@ehc.eu\" target=\"_blank\" rel=\"noopener\"><em>education@ehc.eu<\/em><\/a><\/strong><em> ou <\/em><strong><a href=\"mailto:communications@ehc.eu\" target=\"_blank\" rel=\"noopener\"><em>communications@ehc.eu<\/em><\/a><\/strong><em>.<\/em><\/p>\n<p><strong><!-- \/wp:paragraph --> <!-- wp:paragraph --><\/strong><\/p>\n<p><em>Les informations et le mat\u00e9riel figurant sur ce site web sont destin\u00e9s \u00e0 des fins d&rsquo;information g\u00e9n\u00e9rale uniquement. L&rsquo;EHC ne soutient ni ne promeut aucun organisme pharmaceutique, m\u00e9dicament ou autre intervention m\u00e9dicale sp\u00e9cifique ; toute r\u00e9f\u00e9rence \u00e0 un nom de produit ne constitue pas une approbation de la part de l&rsquo;EHC. <\/em><\/p>\n\t\t\t\t\t\t<\/div>\n\t\t\t\t\t\t\t\t\t\t\t\t\t\t<\/div>\n\t\t\t<\/div>\n\t\t<\/div>\n\t<\/div>\n<\/section>","protected":false},"excerpt":{"rendered":"","protected":false},"author":6,"featured_media":0,"parent":0,"menu_order":0,"comment_status":"closed","ping_status":"closed","template":"","meta":{"_acf_changed":false,"footnotes":""},"class_list":["post-5021","page","type-page","status-publish","hentry"],"acf":[],"jetpack_sharing_enabled":true,"_links":{"self":[{"href":"https:\/\/community.ehc.eu\/fr\/wp-json\/wp\/v2\/pages\/5021","targetHints":{"allow":["GET"]}}],"collection":[{"href":"https:\/\/community.ehc.eu\/fr\/wp-json\/wp\/v2\/pages"}],"about":[{"href":"https:\/\/community.ehc.eu\/fr\/wp-json\/wp\/v2\/types\/page"}],"author":[{"embeddable":true,"href":"https:\/\/community.ehc.eu\/fr\/wp-json\/wp\/v2\/users\/6"}],"replies":[{"embeddable":true,"href":"https:\/\/community.ehc.eu\/fr\/wp-json\/wp\/v2\/comments?post=5021"}],"version-history":[{"count":2,"href":"https:\/\/community.ehc.eu\/fr\/wp-json\/wp\/v2\/pages\/5021\/revisions"}],"predecessor-version":[{"id":5864,"href":"https:\/\/community.ehc.eu\/fr\/wp-json\/wp\/v2\/pages\/5021\/revisions\/5864"}],"wp:attachment":[{"href":"https:\/\/community.ehc.eu\/fr\/wp-json\/wp\/v2\/media?parent=5021"}],"curies":[{"name":"wp","href":"https:\/\/api.w.org\/{rel}","templated":true}]}}