{"id":5853,"date":"2024-09-17T13:40:13","date_gmt":"2024-09-17T11:40:13","guid":{"rendered":"https:\/\/community.ehc.eu\/politique-des-cookies\/"},"modified":"2026-04-14T16:39:27","modified_gmt":"2026-04-14T14:39:27","slug":"politique-des-cookies","status":"publish","type":"page","link":"https:\/\/community.ehc.eu\/fr\/politique-des-cookies\/","title":{"rendered":"Politique des cookies"},"content":{"rendered":"<!-- content --><section  class=\"sidebar-content pt-32 lg:pt-56 pb-20 lg:pb-32 z-20\">\n\t<div class=\"container\">\n\t\t<div class=\"relative w-full pt-20 lg:pt-32 z-10\">\n\t\t\t\t\t\t\t\t\t\t\t\t\t<div class=\"content mt-12 lg:mt-0\">\n\t\t\t\t\t\t\t\t\t\t\t<div class=\"title h3 text-50 !mb-24\">\n\t\t\t\t\t\t\tPolitique des cookies\t\t\t\t\t\t<\/div>\n\t\t\t\t\t\t\t\t\t\t<p><span style=\"font-weight: 400;\">Derni\u00e8re mise \u00e0 jour :<br \/>\n<\/span><b>Septembre 2025<\/b><\/p>\n<p><span style=\"font-weight: 400;\">Le Consortium europ\u00e9en de l\u2019h\u00e9mophilie (EHC) s\u2019engage \u00e0 prot\u00e9ger et prot\u00e9ger vos donn\u00e9es personnelles. Dans le cadre de cet engagement, nous avons mis \u00e0 jour notre <a href=\"https:\/\/community.ehc.eu\/fr\/politique-de-confidentialite\/\" target=\"_blank\" rel=\"noopener\"><strong>politique de confidentialit\u00e9<\/strong><\/a> afin de r\u00e9pondre aux normes \u00e9lev\u00e9es du nouveau R\u00e8glement g\u00e9n\u00e9ral europ\u00e9en sur la protection des donn\u00e9es. Nous respectons votre vie priv\u00e9e et traitons vos donn\u00e9es personnelles avec la plus grande confidentialit\u00e9.  <\/span><\/p>\n<p><span style=\"font-weight: 400;\">Cette politique de cookies vise \u00e0 vous informer de mani\u00e8re transparente sur les donn\u00e9es que nous collectons, l\u2019objet de leur collecte, la mani\u00e8re dont nous les utilisons et les droits que vous avez concernant le traitement de ces donn\u00e9es.<\/span><\/p>\n<p><strong>QU\u2019EST-CE QUE LES COOKIES ?<\/strong><\/p>\n<p><span style=\"font-weight: 400;\">Les cookies sont de petits fragments de donn\u00e9es ou de fichiers texte plac\u00e9s sur votre ordinateur local par des sites web. Ces cookies peuvent avoir diff\u00e9rentes fonctions : par exemple, il existe des cookies techniques (param\u00e8tres de langue, par exemple), des cookies de session (cookies temporaires) et des cookies de suivi (cookies suivant et enregistrant votre comportement sur le site afin d\u2019offrir une meilleure exp\u00e9rience utilisateur). <\/span><\/p>\n<p><span style=\"font-weight: 400;\">Un cookie contient un code unique qui permet de reconna\u00eetre votre navigateur lors d\u2019une visite sur le site web ou d\u2019am\u00e9liorer votre exp\u00e9rience utilisateur lors de visites r\u00e9p\u00e9t\u00e9es sur la plateforme.<\/span><\/p>\n<p><span style=\"font-weight: 400;\">Les cookies peuvent \u00eatre plac\u00e9s par le serveur du site que vous visitez ou par un partenaire avec lequel ce site collabore. Le serveur du site web ne peut lire que les cookies qu\u2019il a lui-m\u00eame plac\u00e9s. Il n\u2019a pas acc\u00e8s aux autres informations contenues sur votre ordinateur ou appareil mobile.  <\/span><\/p>\n<p><span style=\"font-weight: 400;\">Le contenu d\u2019un cookie se compose g\u00e9n\u00e9ralement du nom du service qui a plac\u00e9 le cookie, d\u2019une date d\u2019expiration et d\u2019un code num\u00e9rique unique.  <\/span><\/p>\n<p><span style=\"font-weight: 400;\">Les cookies facilitent g\u00e9n\u00e9ralement et acc\u00e9l\u00e8rent l\u2019interaction entre les utilisateurs et le site web, et aident les utilisateurs \u00e0 naviguer entre les diff\u00e9rentes parties du site. Les cookies peuvent \u00e9galement \u00eatre utilis\u00e9s pour personnaliser le contenu du site web aupr\u00e8s de l\u2019utilisateur. <\/span><\/p>\n<p class=\"p1\"><span style=\"font-weight: 400;\">Plus d\u2019informations sur les types de cookies sont disponibles sur <\/span><strong><a href=\"http:\/\/www.allaboutcookies.org\">www.allaboutcookies.org<\/a><\/strong><span style=\"font-weight: 400;\">.<\/span><\/p>\n<p><strong>EHC UTILISE LES COOKIES SUIVANTS :<\/strong><\/p>\n<ol>\n<li><b>Cookies n\u00e9cessaires<\/b><\/li>\n<\/ol>\n<p><span style=\"font-weight: 400;\">Ces cookies sont essentiels pour pouvoir visiter nos sites web et utiliser certaines parties de celui-ci. Ces cookies vous permettent de naviguer entre les diff\u00e9rentes parties du site web ou de remplir des formulaires et de participer \u00e0 des discussions sur notre plateforme, par exemple. De plus, si vous souhaitez vous connecter \u00e0 la plateforme personnelle d\u2019EHC avec votre compte personnel, ces cookies sont n\u00e9cessaires pour v\u00e9rifier votre identit\u00e9 de mani\u00e8re s\u00e9curis\u00e9e avant que nous n\u2019autorisions l\u2019acc\u00e8s \u00e0 vos informations personnelles. Si vous refusez ces cookies, certaines parties du site web peuvent ne pas fonctionner, ou ne pas fonctionner de mani\u00e8re optimale.   <\/span><\/p>\n<ol start=\"2\">\n<li><b>Cookies fonctionnels<\/b><\/li>\n<\/ol>\n<p><span style=\"font-weight: 400;\">Ces cookies facilitent et facilitent le fonctionnement de notre site web pour nos utilisateurs et garantissent une exp\u00e9rience de navigation plus personnalis\u00e9e. Le site web utilise par exemple une inscription ou une newsletter. Ces cookies peuvent \u00e9galement \u00eatre utilis\u00e9s pour vous reconna\u00eetre si vous visitez le site web et pour stocker vos informations d\u2019enregistrement ou pour m\u00e9moriser les pr\u00e9f\u00e9rences indiqu\u00e9es sur le site.  <\/span><\/p>\n<ol start=\"3\">\n<li><b>Cookies publicitaires<\/b><\/li>\n<\/ol>\n<p><span style=\"font-weight: 400;\">Dans certains cas, nous utilisons des cookies provenant de tiers fiables. Ce site utilise <strong>Jetpack<\/strong>, un plugin WordPress, qui collecte des donn\u00e9es pour am\u00e9liorer la fonctionnalit\u00e9 du site et l\u2019exp\u00e9rience utilisateur. <a href=\"https:\/\/jetpack.com\/support\/privacy\/\" target=\"_blank\" rel=\"noopener\"><strong>La politique de confidentialit\u00e9 de Jetpack<\/strong><\/a> d\u00e9crit la mani\u00e8re dont elle g\u00e8re les informations utilisateurs, y compris la collecte, le stockage et les pratiques d\u2019utilisation des donn\u00e9es.   <\/span><\/p>\n<p><span style=\"font-weight: 400;\">Jetpack <a href=\"https:\/\/jetpack.com\/support\/for-your-privacy-policy\/\" target=\"_blank\" rel=\"noopener\">propose \u00e9galement des outils<\/a> pour aider les propri\u00e9taires de sites web \u00e0 \u00e9laborer des politiques de confidentialit\u00e9 personnalis\u00e9es, expliquant leurs pratiques sp\u00e9cifiques de gestion des donn\u00e9es.<\/span><\/p>\n<p><b>GESTION DES COOKIES<\/b><\/p>\n<p><span style=\"font-weight: 400;\">Lors de votre premi\u00e8re visite sur notre site web, il vous est demand\u00e9 d\u2019accepter nos diff\u00e9rents types de cookies. Vous pouvez autoriser ou refuser les cookies par cat\u00e9gorie. Vous pouvez \u00e0 tout moment modifier les param\u00e8tres des cookies de notre site via le lien hypertexte en bas de notre site et donc retirer votre autorisation.  <\/span><\/p>\n<p><span style=\"font-weight: 400;\">Vous pouvez refuser l\u2019installation de ces cookies lors de la premi\u00e8re visite du site en cochant \u00ab Rejeter tout \u00bb dans la fen\u00eatre contextuelle propos\u00e9e.  <\/span><\/p>\n<p><span style=\"font-weight: 400;\">Vous pouvez refuser l\u2019installation de cookies via les param\u00e8tres de votre navigateur. D\u00e9sactiver les cookies peut signifier que vous ne pouvez plus utiliser certaines fonctionnalit\u00e9s du site web. Y  <\/span><span style=\"font-weight: 400;\">Vous pouvez trouver des informations sur la fa\u00e7on de refuser les cookies pour la plupart des navigateurs utilis\u00e9s ici : <\/span><a href=\"http:\/\/www.aboutcookies.org\/\" target=\"_blank\" rel=\"noopener\"><strong>http:\/\/www.aboutcookies.org\/<\/strong><span style=\"font-weight: 400;\"><br \/>\n<\/span><span style=\"font-weight: 400;\"><br \/>\n<\/span><\/a> <span style=\"font-weight: 400;\">Vous pouvez \u00e9galement, \u00e0 tout moment, supprimer les cookies d\u00e9j\u00e0 install\u00e9s de votre ordinateur ou appareil mobile.<\/span><\/p>\n<p><span style=\"font-weight: 400;\">Si vous souhaitez utiliser le site sans aucune restriction, veuillez vous assurer que les cookies sont activ\u00e9s dans votre navigateur. Pour activer les cookies, faites ce qui suit : <\/span><\/p>\n<p><strong>Navigateur \u2013 Microsoft Internet Explorer  <\/strong><\/p>\n<ul>\n<li style=\"font-weight: 400;\" aria-level=\"1\"><span style=\"font-weight: 400;\">Dans Internet Explorer, cliquez sur \u00ab Options Internet \u00bb dans le menu \u00ab Extra \u00bb.<\/span><\/li>\n<li style=\"font-weight: 400;\" aria-level=\"1\"><span style=\"font-weight: 400;\">Dans l\u2019onglet \u00ab Confidentialit\u00e9 \u00bb, d\u00e9placez la barre de param\u00e8tres sur \u00ab Faible \u00bb ou \u00ab Accepter tous les cookies \u00bb (le r\u00e9glage au-dessus de \u00ab moyen \u00bb d\u00e9sactive les cookies).<\/span><\/li>\n<li style=\"font-weight: 400;\" aria-level=\"1\"><span style=\"font-weight: 400;\">Cliquez sur \u00ab OK \u00bb.<\/span><\/li>\n<\/ul>\n<p><strong>Navigateur &#8211; Mozilla Firefox<\/strong><\/p>\n<ul>\n<li style=\"font-weight: 400;\" aria-level=\"1\"><span style=\"font-weight: 400;\">Cliquez sur \u00ab Firefox \u00bb en haut \u00e0 gauche de votre navigateur, puis sur \u00ab Options \u00bb.<\/span><\/li>\n<li style=\"font-weight: 400;\" aria-level=\"1\"><span style=\"font-weight: 400;\">Dans l\u2019onglet \u00ab Confidentialit\u00e9 \u00bb, assurez-vous que \u00ab Informez les sites web que je ne souhaite pas \u00eatre suivi \u00bb n\u2019est pas coch\u00e9e.<\/span><\/li>\n<li style=\"font-weight: 400;\" aria-level=\"1\"><span style=\"font-weight: 400;\">Cliquez sur \u00ab OK \u00bb.<\/span><\/li>\n<\/ul>\n<p><strong>Navigateur &#8211; Google Chrome<\/strong><\/p>\n<ul>\n<li style=\"font-weight: 400;\" aria-level=\"1\"><span style=\"font-weight: 400;\">Cliquez sur \u00ab Extra \u00bb en haut de l\u2019\u00e9cran de votre navigateur et s\u00e9lectionnez \u00ab Options \u00bb.<\/span><\/li>\n<li style=\"font-weight: 400;\" aria-level=\"1\"><span style=\"font-weight: 400;\">Cliquez sur l\u2019onglet \u00ab Sous le capot \u00bb, trouvez la section \u00ab Confidentialit\u00e9 \u00bb et s\u00e9lectionnez le bouton \u00ab Param\u00e8tres de contenu \u00bb.<\/span><\/li>\n<li style=\"font-weight: 400;\" aria-level=\"1\"><span style=\"font-weight: 400;\">S\u00e9lectionnez \u00ab Permettre la configuration des donn\u00e9es locales \u00bb.<\/span><\/li>\n<\/ul>\n<p><strong>Navigateur &#8211; Safari<\/strong><\/p>\n<ul>\n<li style=\"font-weight: 400;\" aria-level=\"1\"><span style=\"font-weight: 400;\">Cliquez sur le pictogramme \u00ab Cog \u00bb en haut de l\u2019\u00e9cran de votre navigateur et s\u00e9lectionnez l\u2019option \u00ab Pr\u00e9f\u00e9rence \u00bb.<\/span><\/li>\n<li style=\"font-weight: 400;\" aria-level=\"1\"><span style=\"font-weight: 400;\">Cliquez sur \u00ab S\u00e9curit\u00e9 \u00bb, cochez l\u2019option indiquant : \u00ab Bloquer les cookies provenant de tiers et les cookies publicitaires \u00bb.<\/span><\/li>\n<li style=\"font-weight: 400;\" aria-level=\"1\">Cliquez sur \u00ab Enregistrer \u00bb.<\/li>\n<\/ul>\n<p><b>COMMUNICATION AVEC DES TIERS<\/b><\/p>\n<p><span style=\"font-weight: 400;\">Le CHE consid\u00e8re les donn\u00e9es personnelles comme des informations confidentielles. Elle ne les communiquera pas \u00e0 des tiers sous aucune condition autre que celle sp\u00e9cifi\u00e9e dans la Politique, telles que pour atteindre les objectifs fix\u00e9s et d\u00e9finis dans cette Politique, ou dans les conditions o\u00f9 la loi l\u2019exige. <\/span><\/p>\n<p><span style=\"font-weight: 400;\">L\u2019EHC peut communiquer vos informations personnelles \u00e0 des tiers dans la mesure o\u00f9 ces informations sont n\u00e9cessaires \u00e0 l\u2019ex\u00e9cution d\u2019un contrat. Dans de tels cas, ces tiers ne communiqueront pas ces informations \u00e0 d\u2019autres tiers. <\/span><\/p>\n<p><span style=\"font-weight: 400;\">La communication de ces informations aux personnes susmentionn\u00e9es devra, en toutes circonstances, se limiter \u00e0 ce qui est strictement n\u00e9cessaire ou exig\u00e9 par la r\u00e9glementation applicable.<\/span><\/p>\n<p><b>NOTE CONCERNANT LES MINEURES<\/b><\/p>\n<p><span style=\"font-weight: 400;\">Les personnes de moins de 13 ans et celles qui ne disposent pas de pleine capacit\u00e9 l\u00e9gale ne sont pas autoris\u00e9es \u00e0 utiliser le site sans le consentement parental.<\/span><\/p>\n<p><b>MISES \u00c0 JOUR ET MODIFICATIONS DE LA POLITIQUE<\/b><\/p>\n<p><span style=\"font-weight: 400;\">En informant les utilisateurs via le site web, le CHE peut modifier et adapter la Politique, en particulier pour se conformer \u00e0 toute nouvelle l\u00e9gislation et\/ou r\u00e9glementation applicable (comme le R\u00e8glement g\u00e9n\u00e9ral sur la protection des donn\u00e9es applicable \u00e0 partir du 25 mai 2018), aux recommandations de la Commission belge de la protection de la vie priv\u00e9e, aux directives, recommandations et bonnes pratiques du Conseil europ\u00e9en de protection des donn\u00e9es ainsi qu\u2019aux d\u00e9cisions des tribunaux et juridictions sur cette question.<\/span><\/p>\n<p><b>DROIT APPLICABLE ET TRIBUNAL COMP\u00c9TENT<\/b><\/p>\n<p><span style=\"font-weight: 400;\">La validit\u00e9, l\u2019interpr\u00e9tation et\/ou la mise en \u0153uvre de la politique sont soumises \u00e0 la l\u00e9gislation belge.<\/span><\/p>\n<p><span style=\"font-weight: 400;\">En cas de litige relatif \u00e0 la validit\u00e9, \u00e0 l\u2019interpr\u00e9tation ou \u00e0 la mise en \u0153uvre de la Politique, les tribunaux et juridictions de Bruxelles ont comp\u00e9tence exclusive, dans la mesure permise par les dispositions du droit international priv\u00e9 applicable.<\/span><\/p>\n\t\t\t\t<\/div>\n\t\t\t\t\t\t\t\t<\/div>\n\t<\/div>\n\t<figure class=\"absolute top-0 right-[-11%] size-full opacity-[12%] flex justify-end items-start\">\n\t\t<div class=\"size-[116rem] img-contain relative left-[4%]\" data-scroll data-fade-left>\n\t\t\t<img decoding=\"async\" loading=\"lazy\" src=\"https:\/\/community.ehc.eu\/wp-content\/themes\/cbd\/img\/bg-red.svg\" alt=\"bg\">\n\t\t<\/div>\n\t<\/figure>\n<\/section>","protected":false},"excerpt":{"rendered":"","protected":false},"author":3,"featured_media":0,"parent":0,"menu_order":0,"comment_status":"closed","ping_status":"closed","template":"","meta":{"_acf_changed":false,"footnotes":""},"class_list":["post-5853","page","type-page","status-publish","hentry"],"acf":[],"jetpack_sharing_enabled":true,"_links":{"self":[{"href":"https:\/\/community.ehc.eu\/fr\/wp-json\/wp\/v2\/pages\/5853","targetHints":{"allow":["GET"]}}],"collection":[{"href":"https:\/\/community.ehc.eu\/fr\/wp-json\/wp\/v2\/pages"}],"about":[{"href":"https:\/\/community.ehc.eu\/fr\/wp-json\/wp\/v2\/types\/page"}],"author":[{"embeddable":true,"href":"https:\/\/community.ehc.eu\/fr\/wp-json\/wp\/v2\/users\/3"}],"replies":[{"embeddable":true,"href":"https:\/\/community.ehc.eu\/fr\/wp-json\/wp\/v2\/comments?post=5853"}],"version-history":[{"count":1,"href":"https:\/\/community.ehc.eu\/fr\/wp-json\/wp\/v2\/pages\/5853\/revisions"}],"predecessor-version":[{"id":5854,"href":"https:\/\/community.ehc.eu\/fr\/wp-json\/wp\/v2\/pages\/5853\/revisions\/5854"}],"wp:attachment":[{"href":"https:\/\/community.ehc.eu\/fr\/wp-json\/wp\/v2\/media?parent=5853"}],"curies":[{"name":"wp","href":"https:\/\/api.w.org\/{rel}","templated":true}]}}