{"id":4995,"date":"2024-09-23T19:36:45","date_gmt":"2024-09-23T17:36:45","guid":{"rendered":"https:\/\/community.ehc.eu\/kampanja-ovimputem\/"},"modified":"2026-04-14T16:39:27","modified_gmt":"2026-04-14T14:39:27","slug":"kampanja-ovimputem","status":"publish","type":"page","link":"https:\/\/community.ehc.eu\/hr\/kampanja-ovimputem\/","title":{"rendered":"Kampanja #OvimPutem"},"content":{"rendered":"<!-- hero -->    <section  class=\"subpage-hero text-white bg-plavo svjetloPolu\">\n\t\t<div class=\"container\">\n\t\t\t<div class=\"relative z-10\">\n\t\t\t\t<div class=\"pt-16 lg:pt-24 pb-24 lg:pb-32\">\n\t\t\t\t\t<div class=\"row justify-between gap-10 lg:gap-0 mt-10 text-center lg:text-left\">\n\t\t\t\t\t\t<div class=\"w-full lg:w-5\/12 lg:self-center\">\n\t\t\t\t\t\t\t\t\t\t\t\t\t\t\t<div class=\"title h2 w-pun\" data-scroll data-fade-up>\n\t\t\t\t\t\t\t\t\t<p class=\"text-[115%]\">#ThisWay\n <\/p>\n\t\t\t\t\t\t\t\t<\/div>\n\t\t\t\t\t\t\t\t\t\t\t\t\t<\/div>\n\t\t\t\t\t\t<div class=\"w-full lg:w-5\/12 lg:self-center\">\n\t\t\t\t\t\t\t\t\t\t\t\t\t\t\t<div class=\"content lg:text-[120%] mt-14 lg:mt-20\" data-scroll data-fade-up data-delay-02>\n\t\t\t\t\t\t\t\t\t<p>\u201eNije &#8216;moram vje\u017ebati&#8217;, ve\u0107 &#8216;moram nau\u010diti voljeti vje\u017ebanje i prona\u0107i \u0161to je pravo za mene&#8217;.\u201c<\/p>\n\t\t\t\t\t\t\t\t<\/div>\n\t\t\t\t\t\t\t\t\t\t\t\t\t\t\t\t\t\t\t\t<\/div>\n\t\t\t\t\t<\/div>\n\t\t\t\t<\/div>\n\t\t\t<\/div>\n\t\t<\/div>\n\t\t\t\t\t<figure class=\"absolute size-[82.8rem] bottom-[-30%] left-[-10%] image-contain opacity-40\" data-parallax>\n\t\t\t\t<img decoding=\"async\" loading=\"lazy\" src=\"https:\/\/community.ehc.eu\/wp-content\/themes\/cbd\/img\/content-logo-colorfull.svg\" alt=\"content-logo-colorfull\">\n\t\t\t<\/figure>\n\t\t\t<\/section>\n<!-- content --><section  class=\"sidebar-content pt-32 lg:pt-56 pb-20 lg:pb-32 z-20\">\n\t<div class=\"container\">\n\t\t<div class=\"relative w-full sidebar-content-grid grid grid-cols-1 lg:grid-cols-[max-content_minmax(0,_1fr)] gap-x-24 gap-y-5 lg:gap-y-24 pt-20 lg:pt-32 z-10\">\n\t\t\t\t\t\t\t<div>\n\t\t\t\t\t<div class=\"article-nav xl:w-[40rem] 2xl:w-[48rem] max-w-full p-12 lg:p-24 radius-20 bg-red text-white\">\n\t\t\t\t\t\t<div class=\"h4 text-30 font-bold !justify-start\">\n\t\t\t\t\t\t\t<p>Quick Links<\/p>\n\t\t\t\t\t\t<\/div>\n\t\t\t\t\t\t<div class=\"news-sidebar-menu\">\n\t\t\t\t\t\t\t<ul class=\"lg:text-[110%] cursor-pointer\">\n\t\t\t\t\t\t\t\t\t\t\t\t\t\t\t\t\t<li>Pri\u010de pacijenata<\/li>\n\t\t\t\t\t\t\t\t\t\t\t\t\t\t\t\t\t<li>Izazovi tjelesne aktivnosti<\/li>\n\t\t\t\t\t\t\t\t\t\t\t\t\t\t\t\t\t<li>Potpore za tjelesnu aktivnost<\/li>\n\t\t\t\t\t\t\t\t\t\t\t\t\t\t\t\t\t<li>Kontakt osoba za osoblje EHC-a<\/li>\n\t\t\t\t\t\t\t\t\t\t\t\t\t\t\t<\/ul>\n\t\t\t\t\t\t<\/div>\n\t\t\t\t\t<\/div>\n\t\t\t\t<\/div>\n\t\t\t\t\t\t<div>\t\t\t\t\t\t\t<div class=\"content mt-12 lg:mt-0\">\n\t\t\t\t\t\t\t\t\t\t\t<div class=\"title h3 text-50 !mb-24\">\n\t\t\t\t\t\t\tO kampanji #ThisWay\t\t\t\t\t\t<\/div>\n\t\t\t\t\t\t\t\t\t\t<p><span style=\"font-weight: 400;\">Tjelesna aktivnost klju\u010dna je za pacijente s poreme\u0107ajima krvarenja jer ja\u010da mi\u0161i\u0107e i zglobove, smanjuju\u0107i vjerojatnost epizoda krvarenja i o\u0161te\u0107enja zglobova. Osim toga, redovita tjelovje\u017eba pobolj\u0161ava cjelokupno kardiovaskularno zdravlje i pobolj\u0161ava kvalitetu \u017eivota promicanjem fizi\u010dkog i mentalnog blagostanja. <\/span><\/p>\n<p><span style=\"font-weight: 400;\">EHC-<\/span> <b>ova kampanja #ThisWay<\/b> <span style=\"font-weight: 400;\">ima za cilj promicati fizi\u010dko i mentalno zdravlje i dobrobit kroz niz inicijativa, kao \u0161to su dijeljenje pri\u010da pacijenata, olak\u0161avanje izazova tjelesne aktivnosti i organiziranje pje\u0161a\u010dkih tura tijekom EHC konferencija, izme\u0111u ostalog.<\/span><\/p>\n<h5><b>Pri\u010de pacijenata<\/b><\/h5>\n<p><span style=\"font-weight: 400;\">EHC dosljedno provodi intervjue i prikuplja pri\u010de pacijenata kako bi bolje razumio iskustva osoba koje \u017eive s rijetkim poreme\u0107ajem krvarenja, kao i kako bi pru\u017eio uvid u perspektivu njegovatelja o utjecaju takvih poreme\u0107aja na kvalitetu \u017eivota. Mnoge od ovih pri\u010da pacijenata slu\u017ee kao inspiracija drugim pacijentima da prevladaju izazove povezane s fizi\u010dkom i mentalnom dobrobiti. <\/span><\/p>\n<ul>\n<li><strong><a href=\"https:\/\/community.ehc.eu\/hr\/price\/prica-thisway-ross-bennett\/\" target=\"_blank\" rel=\"noopener\">Rossova pri\u010da<\/a><\/strong> <span style=\"font-weight: 400;\">(Ujedinjeno Kraljevstvo, pacijent s te\u0161kom hemofilijom B)<\/span><\/li>\n<li><strong><a href=\"https:\/\/community.ehc.eu\/hr\/price\/prica-thisway-scott-mclean\/\" target=\"_blank\" rel=\"noopener\">Scottova pri\u010da<\/a><\/strong> <span style=\"font-weight: 400;\">(Ujedinjeno Kraljevstvo, pacijent s te\u0161kom hemofilijom A)<\/span><\/li>\n<li><a href=\"https:\/\/community.ehc.eu\/hr\/price\/prica-thisway-william-mckeown\/\" target=\"_blank\" rel=\"noopener\"><span style=\"font-weight: 400;\"><strong>Williamova pri\u010da<\/strong><\/span><\/a> <span style=\"font-weight: 400;\">(Ujedinjeno Kraljevstvo, pacijent s te\u0161kom hemofilijom A)<\/span><\/li>\n<li><a href=\"https:\/\/community.ehc.eu\/hr\/price\/prica-thisway-annabel-kattai\/\" target=\"_blank\" rel=\"noopener\"><span style=\"font-weight: 400;\"><strong>Annabelina pri\u010da<\/strong><\/span><\/a> <span style=\"font-weight: 400;\">(Estonija, pacijentica s von Willebrandovom bole\u0161\u0107u)<\/span><\/li>\n<li><a href=\"https:\/\/community.ehc.eu\/hr\/price\/prica-thisway-adam-trojanczyk\/\" target=\"_blank\" rel=\"noopener\"><strong>Adamova pri\u010da<\/strong><\/a> (Poljska, pacijent s te\u0161kom hemofilijom B)<\/li>\n<li><strong><a href=\"https:\/\/community.ehc.eu\/hr\/price\/prica-thisway-camilla-wensing\/\" target=\"_blank\" rel=\"noopener\">Camillina pri\u010da<\/a><\/strong> (\u0160vicarska\/\u0160vedska, njegovateljica)<\/li>\n<li><span style=\"font-weight: 400;\"><a href=\"https:\/\/community.ehc.eu\/hr\/price\/prica-thisway-mitja-kavcic\/\" target=\"_blank\" rel=\"noopener\"><strong>Mitjina pri\u010da<\/strong><\/a><\/span> <span style=\"font-weight: 400;\">(Slovenija, pacijent s te\u0161kom hemofilijom A<\/span> )<\/li>\n<li><a href=\"https:\/\/community.ehc.eu\/hr\/price\/prica-thisway-gertu-saaretalu\/\" target=\"_blank\" rel=\"noopener\"><span style=\"font-weight: 400;\"><strong>Gertuina pri\u010da<\/strong><\/span><\/a> (Estonija, pacijentica s te\u0161kom hemofilijom A)<\/li>\n<li><a href=\"https:\/\/community.ehc.eu\/hr\/price\/prica-thisway-nir-sharon\/\" target=\"_blank\" rel=\"noopener\"><span style=\"font-weight: 400;\"><strong>Nirova pri\u010da<\/strong><\/span><\/a> (Israel, pacijent s te\u0161kom hemofilijom A)<\/li>\n<\/ul>\n<h5><b>Izazovi tjelesne aktivnosti<\/b><\/h5>\n<p><span style=\"font-weight: 400;\">EHC \u010desto koordinira izazove tjelesne aktivnosti unutar zajednice kako bi potaknuo motivaciju i potaknuo sudjelovanje, unose\u0107i elemente u\u017eivanja i njeguju\u0107i drugarstvo. Ovi napori poduzimaju se radi pobolj\u0161anja fizi\u010dke i mentalne dobrobiti, ja\u010danja veza u zajednici te pove\u0107anja svijesti i zagovaranja. <\/span><\/p>\n<h5><b>EHC potpore za tjelesnu aktivnost<\/b><\/h5>\n<p><span style=\"font-weight: 400;\">S potporom za tjelesnu aktivnost (PAG), EHC \u017eeli podr\u017eati nacionalne organizacije \u010dlanice (NMO) u organiziranju fizioterapije i tjelesnih aktivnosti.  <a href=\"https:\/\/www.ehc.eu\/membership\/#grants\" target=\"_blank\" rel=\"noopener\"><strong>Pro\u010ditajte vi\u0161e o EHC potporama.<\/strong><\/a><\/span><\/p>\n<h5><b>#ThisWay podcasti<\/b><\/h5>\n<p><a href=\"https:\/\/open.spotify.com\/episode\/7GEIsCXv5taCmVx0ythwxA?si=08d98db34e8a4980\" target=\"_blank\" rel=\"noopener\">Slu\u0161ajte ih na EHC Spotifyju.<\/a><\/p>\n<h5><b>#OvimPutevima videozapisi<\/b><\/h5>\n<p><a href=\"https:\/\/www.youtube.com\/@EHCTVChannel\/playlists\" target=\"_blank\" rel=\"noopener\">Pogledajte ih na EHC YouTube kanalu.<\/a><\/p>\n<h5><strong>Kontakt osoba za osoblje EHC-a<\/strong><\/h5>\n<p><span style=\"font-weight: 400;\">Ako imate bilo kakvih pitanja ili se \u017eelite uklju\u010diti, obratite se<\/span> <a href=\"https:\/\/www.ehc.eu\/about-ehc\/governance\/our-team\/\" target=\"_blank\" rel=\"noopener\"><b>Ziti Gacser<\/b><\/a> <span style=\"font-weight: 400;\">, voditeljici zajednice i projekata EHC-a.<\/span> <\/p>\n\t\t\t\t<\/div>\n\t\t\t\t\t\t<\/div>\t\t<\/div>\n\t<\/div>\n\t<figure class=\"absolute top-0 right-[-11%] size-full opacity-[12%] flex justify-end items-start\">\n\t\t<div class=\"size-[116rem] img-contain relative left-[4%]\" data-scroll data-fade-left>\n\t\t\t<img decoding=\"async\" loading=\"lazy\" src=\"https:\/\/community.ehc.eu\/wp-content\/themes\/cbd\/img\/bg-red.svg\" alt=\"bg\">\n\t\t<\/div>\n\t<\/figure>\n<\/section><!-- recent-events -->\n<p><\/p>\n","protected":false},"excerpt":{"rendered":"","protected":false},"author":3,"featured_media":0,"parent":0,"menu_order":0,"comment_status":"closed","ping_status":"closed","template":"","meta":{"_acf_changed":false,"footnotes":""},"class_list":["post-4995","page","type-page","status-publish","hentry"],"acf":[],"jetpack_sharing_enabled":true,"_links":{"self":[{"href":"https:\/\/community.ehc.eu\/hr\/wp-json\/wp\/v2\/pages\/4995","targetHints":{"allow":["GET"]}}],"collection":[{"href":"https:\/\/community.ehc.eu\/hr\/wp-json\/wp\/v2\/pages"}],"about":[{"href":"https:\/\/community.ehc.eu\/hr\/wp-json\/wp\/v2\/types\/page"}],"author":[{"embeddable":true,"href":"https:\/\/community.ehc.eu\/hr\/wp-json\/wp\/v2\/users\/3"}],"replies":[{"embeddable":true,"href":"https:\/\/community.ehc.eu\/hr\/wp-json\/wp\/v2\/comments?post=4995"}],"version-history":[{"count":2,"href":"https:\/\/community.ehc.eu\/hr\/wp-json\/wp\/v2\/pages\/4995\/revisions"}],"predecessor-version":[{"id":5861,"href":"https:\/\/community.ehc.eu\/hr\/wp-json\/wp\/v2\/pages\/4995\/revisions\/5861"}],"wp:attachment":[{"href":"https:\/\/community.ehc.eu\/hr\/wp-json\/wp\/v2\/media?parent=4995"}],"curies":[{"name":"wp","href":"https:\/\/api.w.org\/{rel}","templated":true}]}}