{"id":5006,"date":"2025-09-25T11:43:25","date_gmt":"2025-09-25T09:43:25","guid":{"rendered":"https:\/\/community.ehc.eu\/zivjeti-dobro-dobro-stariti\/"},"modified":"2026-04-14T16:39:25","modified_gmt":"2026-04-14T14:39:25","slug":"zivjeti-dobro-dobro-stariti","status":"publish","type":"page","link":"https:\/\/community.ehc.eu\/hr\/zivjeti-dobro-dobro-stariti\/","title":{"rendered":"\u017divjeti dobro, dobro stariti"},"content":{"rendered":"\n<h3 class=\"wp-block-heading\"><\/h3>\n<!-- hero -->    <section  class=\"subpage-hero text-white bg-plava\">\n\t\t<div class=\"container\">\n\t\t\t<div class=\"relative z-10\">\n\t\t\t\t<div class=\"pt-16 lg:pt-24 pb-24 lg:pb-32\">\n\t\t\t\t\t<div class=\"row justify-between gap-10 lg:gap-0 mt-10 text-center lg:text-left\">\n\t\t\t\t\t\t<div class=\"w-full lg:w-5\/12 lg:self-center\">\n\t\t\t\t\t\t\t\t\t\t\t\t\t\t\t<div class=\"title h2 w-pun\" data-scroll data-fade-up>\n\t\t\t\t\t\t\t\t\t<p class=\"text-[115%]\">\u017divjeti dobro, dobro stariti<\/p>\n\t\t\t\t\t\t\t\t<\/div>\n\t\t\t\t\t\t\t\t\t\t\t\t\t<\/div>\n\t\t\t\t\t\t<div class=\"w-full lg:w-5\/12 lg:self-center\">\n\t\t\t\t\t\t\t\t\t\t\t\t\t\t\t\t\t\t\t\t<\/div>\n\t\t\t\t\t<\/div>\n\t\t\t\t<\/div>\n\t\t\t<\/div>\n\t\t<\/div>\n\t\t\t\t\t<figure class=\"absolute size-[82.8rem] bottom-[-30%] left-[-10%] image-contain opacity-40\" data-parallax>\n\t\t\t\t<img decoding=\"async\" loading=\"lazy\" src=\"https:\/\/community.ehc.eu\/wp-content\/themes\/cbd\/img\/content-logo-colorfull.svg\" alt=\"content-logo-colorfull\">\n\t\t\t<\/figure>\n\t\t\t<\/section>\n<!-- overview --><section  class=\"s-overlay-img s-padding bg-plava\">\n\t<div class=\"container\">\n\t\t<div class=\"row w-full lg:flex-row justify-between text-center lg:text-left gap-14 lg:gap-0 relative z-10\">\n\t\t\t\t\t\t<div class=\"w-full lg:py-10\">\n\t\t\t\t<div class=\"bg-white min-h-full py-12 px-10 lg:py-24 lg:pl-24 xl:pl-44 relative radius-20 z-10\">\n\t\t\t\t\t\t\t\t\t\t\t\t\t\t\t\t\t\t\t\t\t<div class=\"content mt-8\" data-scroll data-fade-up>\n\t\t\t\t\t\t\t<p><!-- wp:paragraph --><\/p>\n<p>Budu\u0107i da ljudi s poreme\u0107ajima krvarenja \u017eive dulje nego ikad prije, dobro starenje postalo je va\u017ean fokus rada EHC-a. <strong><em>\u017divot dobro, starenje dobro<\/em> ,<\/strong> projekt <a href=\"https:\/\/community.ehc.eu\/hr\/focus-area\/starenje\/\" target=\"_blank\" rel=\"noopener\">EHC-a za starenje<\/a> 2025.-2026., jednogodi\u0161nja je inicijativa koja okuplja stru\u010dnjake, pacijente i njegovatelje kako bi istra\u017eili kako mo\u017eemo podr\u017eati zdrav, aktivan i ispunjen \u017eivot u svakoj fazi starenja za one koji \u017eive s poreme\u0107ajem krvarenja.<\/p>\n<p><!-- \/wp:paragraph --> <!-- wp:paragraph --><\/p>\n<p>Kroz webinare, podcaste, vizualne resurse i interaktivne dru\u0161tvene prostore, projekt se bavi klju\u010dnim temama poput prehrane, mobilnosti, prevencije krhkosti, mentalnog blagostanja i \u017eivotnih iskustava starijih osoba s poreme\u0107ajima krvarenja. Svaki mjesec nudi poseban sadr\u017eaj, rasprave koje vode stru\u010dnjaci ili prakti\u010dne savjete, a sve je osmi\u0161ljeno kako bi se pojedincima omogu\u0107ilo da aktivno sudjeluju u brizi za svoje zdravlje.<\/p>\n<p><!-- \/wp:paragraph --> <!-- wp:paragraph --><\/p>\n<p><strong>Projekt <em>&#8220;\u017divjeti dobro, stareti dobro&#8221;<\/em><\/strong> nije samo o dijeljenju znanja &#8211; ve\u0107 o stvaranju podr\u017eavaju\u0107e zajednice u kojoj ljudi mogu u\u010diti jedni od drugih, dijeliti svoje pri\u010de i oblikovati razgovor o starenju u zajednici s poreme\u0107ajima krvarenja.<\/p>\n<p><!-- \/wp:paragraph --> <!-- wp:paragraph --><\/p>\n<p>Pridru\u017eite nam se dok zajedno redefiniramo \u0161to zna\u010di odrasti!<\/p>\n<p><!-- wp:paragraph --><\/p>\n<h4><strong>Formati epizoda<\/strong><\/h4>\n<ul>\n<li><strong style=\"font-size: 16px;\">Webinari:<\/strong><span style=\"font-size: 16px;\">  razgovori u\u017eivo sa stru\u010dnjacima, <a href=\"https:\/\/eurobloodnet.eu\/education-2\/patients\/webinars\/topic-on-focus-for-patient\/topic-on-focus-ageing-well-with-rare-bleeding-disorders\/topic-on-focus-ageing-well-with-rare-bleeding-disorders\/\" target=\"_blank\" rel=\"noopener\">u partnerstvu s ERN-EuroBloodNetom<\/a> . Prijave su otvorene za sve zainteresirane za temu. Webinari \u0107e biti snimljeni i dijeljeni na    <\/span><a style=\"font-size: 16px;\" href=\"https:\/\/youtube.com\/playlist?list=PL-oiIvBt-bQfJZ4aZO71_VippbV_xCVlN&amp;si=kHAzMXYY89106WYL\" target=\"_blank\" rel=\"noopener\">YouTube kanal EHC-a<\/a><span style=\"font-size: 16px;\">. Nije predvi\u0111ena potvrda o sudjelovanju.<\/span><\/li>\n<li><strong style=\"font-size: 16px;\">Razgovori u virtualnom kafi\u0107u:<\/strong><span style=\"font-size: 16px;\">  Vo\u0111eni razgovori sa zdravstvenim djelatnicima. Prethodno snimljene, bez mogu\u0107nosti prisustvovanja, ove \u0107e epizode biti dostupne javnosti na   <\/span><a style=\"font-size: 16px;\" href=\"https:\/\/youtube.com\/playlist?list=PL-oiIvBt-bQfJZ4aZO71_VippbV_xCVlN&amp;si=kHAzMXYY89106WYL\" target=\"_blank\" rel=\"noopener\">YouTube kanal EHC-a<\/a><span style=\"font-size: 16px;\">. Za dijeljenje svojih pitanja sa stru\u010dnjacima, molimo koristite obrazac za pitanja EHC Online  <\/span><a style=\"font-size: 16px;\" href=\"https:\/\/form.dragnsurvey.com\/survey\/r\/a550c1f6?=XXX\" target=\"_blank\" rel=\"noopener\">ovdje<\/a> <span style=\"font-size: 16px;\">.<\/span><\/li>\n<li><strong style=\"font-size: 16px;\">Podcasti vr\u0161nja\u010dkih pionira:<\/strong><span style=\"font-size: 16px;\">  prijateljske, razmjenjive i podr\u017eavaju\u0107e rasprave me\u0111u pacijentima o razli\u010ditim temama. Ovi podcasti bit \u0107e dostupni javnosti na   <\/span><a style=\"font-size: 16px;\" href=\"https:\/\/open.spotify.com\/playlist\/2ZRN122cU0D8YE8ycNKjIf?si=vuIQIZH_TMmq30H4XQMw5g\" target=\"_blank\" rel=\"noopener\">EHC Spotify ra\u010dun<\/a><span style=\"font-size: 16px;\">. Za dijeljenje svojih pitanja s govornicima, molimo koristite obrazac za pitanja EHC Online  <\/span><a style=\"font-size: 16px;\" href=\"https:\/\/form.dragnsurvey.com\/survey\/r\/a550c1f6?=XXX\" target=\"_blank\" rel=\"noopener\">ovdje<\/a> <span style=\"font-size: 16px;\">.<\/span><\/li>\n<\/ul>\n<p>Neke prakti\u010dne smjernice i glavni naglasci tako\u0111er \u0107e biti razvijeni na temelju rasprava kada to bude relevantno i potrebno.<\/p>\n<p><!-- \/wp:list-item --><\/p>\n<p><!-- \/wp:paragraph --><\/p>\n<p><!-- \/wp:paragraph --><\/p>\n\t\t\t\t\t\t<\/div>\n\t\t\t\t\t\t\t\t\t\t\t\t\t\t<\/div>\n\t\t\t<\/div>\n\t\t<\/div>\n\t<\/div>\n<\/section><!-- overview --><section  class=\"s-overlay-img s-padding bg-plava\">\n\t<div class=\"container\">\n\t\t<div class=\"row w-full lg:flex-row justify-between text-center lg:text-left gap-14 lg:gap-0 relative z-10\">\n\t\t\t\t\t\t<div class=\"w-full lg:py-10\">\n\t\t\t\t<div class=\"bg-white min-h-full py-12 px-10 lg:py-24 lg:pl-24 xl:pl-44 relative radius-20 z-10\">\n\t\t\t\t\t\t\t\t\t\t\t\t\t\t\t\t\t\t\t\t\t<div class=\"content mt-8\" data-scroll data-fade-up>\n\t\t\t\t\t\t\t<h5><strong>EHC Online kutija za pitanja<\/strong><\/h5>\n<h5><strong><!-- \/wp:paragraph --> <!-- wp:paragraph --><\/strong><\/h5>\n<p>Molimo vas da s nama podijelite sva pitanja koja imate o starenju s poreme\u0107ajem zgru\u0161avanja. Dat \u0107emo sve od sebe da odgovorimo na ta pitanja tijekom trajanja ovog programa.  <strong>Sva pitanja mogu se postaviti anonimno.<\/strong>  Postavite svoje pitanje ili podijelite svoju pri\u010du klikom na donju poveznicu: to je sigurno mjesto gdje \u010dlanovi zajednice mogu postavljati svoja pitanja, dijeliti brige i izra\u017eavati svoje nade.<\/p>\n\t\t\t\t\t\t<\/div>\n\t\t\t\t\t\t\t\t\t\t                        <div class=\"bottom mt-12\" data-scroll data-fade-up>\n                            <a href=\"https:\/\/form.dragnsurvey.com\/survey\/r\/a550c1f6?=XXX\" target=\"_prazan\" class=\"btn with-icon\">\n                                <span>Postavite svoja pitanja ovdje<\/span>\n                            <\/a>\n                        <\/div>\n                    \t\t\t\t<\/div>\n\t\t\t<\/div>\n\t\t<\/div>\n\t<\/div>\n<\/section><!-- overview --><section  class=\"s-overlay-img s-padding bg-bijela\">\n\t<div class=\"container\">\n\t\t<div class=\"row w-full lg:flex-row justify-between text-center lg:text-left gap-14 lg:gap-0 relative z-10\">\n\t\t\t\t\t\t<div class=\"w-full lg:py-10\">\n\t\t\t\t<div class=\"bg-white min-h-full py-12 px-10 lg:py-24 lg:pl-24 xl:pl-44 relative radius-20 z-10\">\n\t\t\t\t\t\t\t\t\t\t\t\t\t\t\t\t<div class=\"title h4 mt-8\" data-scroll data-fade-up>\n\t\t\t\t\t\t\t<p>Program i govornici<\/p>\n\t\t\t\t\t\t<\/div>\n\t\t\t\t\t\t\t\t\t\t\t\t\t\t\t\t<div class=\"content mt-8\" data-scroll data-fade-up>\n\t\t\t\t\t\t\t<p><!-- wp:paragraph --><\/p>\n<ul>\n<li>1. listopada 2025. \u2014 <a href=\"https:\/\/youtu.be\/0PzyIUpGvWk?si=JO9uqBFsUg7PLIwY\" target=\"_blank\" rel=\"noopener\"><strong>Pokretanje projekta na<\/strong> <strong>Svjetski dan gerijatrije<\/strong><\/a>  <!-- wp:paragraph --><\/li>\n<li>20. studenog 2025. \u2014 <a href=\"https:\/\/youtu.be\/BrdIsSzBPI0?si=MDGUks1mtGuyi0Z6\" target=\"_blank\" rel=\"noopener\"><strong>Virtualni razgovor u kafi\u0107u:<\/strong> <b data-stringify-type=\"bold\">Dobro starenje &#8211; ponovno promi\u0161ljanje putovanja s poreme\u0107ajima krvarenja<\/b><\/a><strong> <\/strong>\u2014 Govornici: Miguel Crato, Olivia Romero Lux, William McKeown<!-- wp:paragraph --><\/li>\n<li>18. prosinca 2025. \u2014 <a href=\"https:\/\/youtu.be\/HHkPbAJGM0w?si=tkrYCvr0_iEfeJMX\" target=\"_blank\" rel=\"noopener\"><strong>Virtualni razgovor u kafi\u0107u: Prehrana i zdravlje kostiju u starenju<\/strong><\/a> \u2014 Predava\u010di: Birkan \u0130lhan, William McKeown \u2014 <strong><a href=\"https:\/\/community.ehc.eu\/wp-content\/uploads\/2025\/12\/EHC-Eating-Well-and-Staying-Strong-Guide.pdf\" target=\"_blank\" rel=\"noopener\">Otkrijte <em>Eating Well and Staying Strong<\/em><\/a><\/strong> , vodi\u010d za prehranu EHC-a \u2014 <em>U<\/em> <i>suradnji s <a href=\"https:\/\/www.eugms.org\/\" target=\"_blank\" rel=\"noopener\">Europskim dru\u0161tvom za gerijatrijsku medicinu (EuGMS)<\/a> .<\/i> <!-- wp:paragraph --><\/li>\n<li>22. sije\u010dnja 2026. \u2014 <a href=\"https:\/\/www.youtube.com\/watch?v=IH8tPfuKfJ8\" target=\"_blank\" rel=\"noopener\"><strong>Webinar:<\/strong> \u201e <strong>Sna\u017eni u bilo kojoj dobi &#8211; Zajedno redefiniramo krhkost\u201c<\/strong><\/a> \u2014 Govornici: Susie Shapiro, William McKeown \u2014 <em>U partnerstvu s ERN-EuroBloodNet.<\/em> <!-- \/wp:paragraph --><!-- wp:paragraph --><\/li>\n<li>23. velja\u010de 2026. \u2014 <a href=\"https:\/\/youtu.be\/Y3CJPwJKyAk?si=lbfMLnUzZbLWYgLp\" target=\"_blank\" rel=\"noopener\"><strong>Virtualni razgovor u kafi\u0107u:<\/strong> <strong>Sna\u017eno starenje &#8211; Ostati mobilan i sprije\u010diti padove<\/strong><\/a> \u2014 Govornici: Stephanie Taylor, William McKeown <!-- wp:paragraph -->\u2014 <a href=\"https:\/\/community.ehc.eu\/wp-content\/uploads\/2026\/03\/Staying-Mobile-and-Preventing-Falls-A4.pdf\" target=\"_blank\" rel=\"noopener\"><strong>Otkrijte<\/strong> <strong>EHC one-pager<\/strong><\/a> s na\u0161im glavnim savjetima za ostanak pokretan i sprje\u010davanje padova<\/li>\n<li>6. o\u017eujka 2026. \u2014 <a href=\"https:\/\/open.spotify.com\/episode\/0G0rgHLSEEIyvYaTKqfWm3?si=BZgGxhzJTqeM_FEidCGXkA&amp;context=spotify%3Ashow%3A1DkWEIIlOSSYZm6HhIl1n8\" target=\"_blank\" rel=\"noopener\"><strong>Peer Pioneer Podcast:<\/strong> <strong>Prilagodba doma i \u017eivota mirovini<\/strong><\/a> \u2014 Govornici: Jim O&#8217;Leary, Yannick Coll\u00e9<\/li>\n<li>9. o\u017eujka 2026. \u2014 <a href=\"https:\/\/eurobloodnet.eu\/education-2\/patients\/webinars\/topic-on-focus-for-patient\/topic-on-focus-ageing-well-with-rare-bleeding-disorders\/topic-on-focus-ageing-well-with-rare-bleeding-disorders\/4\/session-2-von-willebrand-factor-and-von-willebrand-disease-in-ageing-mechanisms-evolving-phenotypes-and-clinical-implications\" target=\"_blank\" rel=\"noopener\"><strong><strong>Webinar: \u201e <strong>Von Willebrandov faktor i von Willebrandova bolest u starenju &#8211; Mehanizmi, fenotipovi koji se razvijaju i klini\u010dke implikacije\u201c<\/strong><\/strong><\/strong><\/a> \u2014 Predava\u010di: Flora Peyvandi, Cathy Verbraeken \u2014 <em>U partnerstvu s ERN-EuroBloodNet.<\/em>  <!-- wp:paragraph --><br \/>\n<!-- wp:paragraph --><\/li>\n<li>30. o\u017eujka 2026. \u2014 <a href=\"https:\/\/youtu.be\/UfqSgrSwA-4?si=IQpG8xPt8pAipmC2\" target=\"_blank\" rel=\"noopener\"><strong>Virtual Caf\u00e9 Talk: Prilagodba doma i \u017eivota mirovini<\/strong><\/a> \u2014 Govornici: William McKeown, Claire Forde &#8211; <a href=\"https:\/\/community.ehc.eu\/wp-content\/uploads\/2026\/03\/Adapting-Home-and-Life-to-Retirement-A4.pdf\" target=\"_blank\" rel=\"noopener\"><strong>Otkrijte EHC one-pager<\/strong><\/a> s na\u0161im glavnim savjetima za prilagodbu doma i \u017eivota mirovini<br \/>\n<!-- \/wp:paragraph --><!-- wp:paragraph --><\/li>\n<li>17. travnja 2026. \u2014 <strong>Svjetski dan hemofilije<\/strong> <!-- \/wp:paragraph --> <!-- wp:paragraph --><\/li>\n<li>27. travnja 2026. \u2014 <a href=\"https:\/\/eurobloodnet.eu\/education-2\/patients\/webinars\/topic-on-focus-for-patient\/topic-on-focus-ageing-well-with-rare-bleeding-disorders\/topic-on-focus-ageing-well-with-rare-bleeding-disorders\/2\/session-3-bleeding-disorders-and-ageing-shall-i-bleed-less-with-age\" target=\"_blank\" rel=\"noopener\"><strong>Webinar:<\/strong> \u201e <strong>Poreme\u0107aji krvarenja i starenje &#8211; Ho\u0107u li manje krvariti s godinama?\u201c<\/strong><\/a> \u2014 Govornici: Sophie Susen, Yesim Dargaud, William McKeown \u2014 <em>U partnerstvu s ERN-EuroBloodNet.<\/em> <\/li>\n<li>18. svibnja 2026. \u2014 <a href=\"https:\/\/eurobloodnet.eu\/education-2\/patients\/webinars\/topic-on-focus-for-patient\/topic-on-focus-ageing-well-with-rare-bleeding-disorders\/topic-on-focus-ageing-well-with-rare-bleeding-disorders\/3\/session-4-cardiovascular-issues-and-other-comorbidities\" target=\"_blank\" rel=\"noopener\"><strong>Webinar: &#8220;Kardiovaskularni problemi i druge komorbiditete&#8221;<\/strong><\/a> \u2014 Govornici: Roger Schutgens, Bruna Gigante, Alison Dougall, William McKeown \u2014 <em>U partnerstvu s ERN-EuroBloodNet i u suradnji s ERN GUARD-Heart. <\/em> <\/li>\n<li>1. lipnja 2026. \u2014 <strong>Virtualni razgovor u kafi\u0107u:<\/strong> <strong>Bol i lije\u010denje zglobova<\/strong> \u2014 Predava\u010di: Anna Wells, William McKeown<!-- wp:paragraph --><\/li>\n<li>22. lipnja 2026. \u2014 <strong>Peer Pioneer Podcast: Upravljanje boli i zglobovima<\/strong> \u2014 Govornici: Augusto Ramoa, Valerie Watson<!-- \/wp:paragraph --><!-- wp:paragraph --><\/li>\n<li>28. kolovoza 2026. \u2014 <strong>Peer Pioneer Podcast:<\/strong> <strong>Odnosi i dru\u0161tveni \u017eivot <\/strong>\u2014 Govornici: Shagi Galili, Marko Marini\u0107<!-- \/wp:paragraph --><!-- wp:paragraph --><\/li>\n<li>21. rujna 2026. \u2014 <strong>Virtualni razgovor u kafi\u0107u: Briga za starenje &#8211; Mentalno zdravlje i izolacija<\/strong> \u2014 Govornici: Christina Burgess, Gloria Rooney, William McKeown<!-- wp:paragraph --><\/li>\n<li>29. rujna 2026. \u2014 <strong>Okrugli stol EHC-a o kardiovaskularnim problemima kod poreme\u0107aja krvarenja<\/strong> \u2014 Bruxelles, Belgija \u2014 Prijave za ovaj doga\u0111aj u\u017eivo uskoro \u0107e biti otvorene.<!-- \/wp:paragraph --><!-- wp:paragraph --><\/li>\n<li>1. listopada 2026. \u2014 <strong>Svjetski dan gerijatrije<\/strong><\/li>\n<\/ul>\n<p><!-- \/wp:paragraph --> <!-- wp:paragraph --><\/p>\n<h5><strong>EHC \u017eeli zahvaliti svim govornicima koji su sudjelovali u na\u0161em programu:  <\/strong><\/h5>\n<h4><!-- \/wp:paragraph --> <!-- wp:paragraph --><\/h4>\n<ul>\n<li><strong>Christina Burgess,<\/strong> osniva\u010dica i izvr\u0161na direktorica HBDCA-e <strong>,<\/strong> <a href=\"https:\/\/www.eahad.org\/about-eahad\/psychosocial-professionals-committee\/\" target=\"_blank\" rel=\"noopener\">predsjednica Odbora psihosocijalnih stru\u010dnjaka EAHAD-a<\/a><\/li>\n<li><strong>Yannick Coll\u00e9<\/strong> <strong>,<\/strong> <strong>predsjednik<\/strong> AFH-a (Francuskog dru\u0161tva za hemofiliju), Francuska<\/li>\n<li><!-- \/wp:paragraph --><!-- wp:paragraph --><strong>Miguel Crato<\/strong> , predsjednik EHC-a, Portugal<\/li>\n<li><strong>Yesim Dargaud, dr. med.,<\/strong> profesorica na Odjelu za klini\u010dku hemostazu i Centru za sveobuhvatnu skrb za hemofiliju u Sveu\u010dili\u0161nim bolnicama u Lyonu, Francuska<\/li>\n<li><strong>Alison Dougall, prof.,<\/strong> voditeljica Odjela za dje\u010dje i stomatolo\u0161ko javno zdravstvo na TRINITY Collegeu u Dublinu i konzultantica\/profesorica stomatologije specijalne njege u Stomatolo\u0161koj bolnici Sveu\u010dili\u0161ta u Dublinu, Irska<\/li>\n<li><strong>Claire Forde,<\/strong> radna terapeutkinja, Centar za sveobuhvatnu skrb za hemofiliju u Belfastu, UK<\/li>\n<li><strong>Shagi Galili,<\/strong> izvr\u0161na direktorica ALEH-a (Izraelskog udru\u017eenja za hemofiliju), Izrael, <a href=\"https:\/\/community.ehc.eu\/hr\/focus-area\/mentalno-zdravlje\/\" target=\"_blank\" rel=\"noopener\">\u010dlanica Radne skupine za mentalno zdravlje EHC-a<\/a><!-- wp:paragraph --><\/li>\n<li><strong>Bruna Gigante, <b>izv. prof., dr. med., dr. sc.,<\/b><\/strong> izvanredna profesorica, vi\u0161a konzultantica za epidemiologiju s fokusom na kardiovaskularnu medicinu, Sveu\u010dili\u0161na bolnica Karolinska, Stockholm, \u0160vedska<\/li>\n<li><strong><b>Birkan \u0130lhan<\/b><b>, izv. prof. dr. med.,   <\/b><span style=\"font-weight: 400;\">Gerijatar,<\/span> <span style=\"font-weight: 400;\">Liv Hospital Vadistanbul, Istanbul, Turska<\/span><\/strong><br \/>\n<!-- wp:paragraph --><\/li>\n<li><strong>Marko Marini\u0107,<\/strong> predsjednik Dru\u0161tva hemofili\u010dara Hrvatske (Hrvatsko dru\u0161tvo hemofili\u010dara), Hrvatska<\/li>\n<li><strong>Augusto Ramoa, <\/strong>Potpredsjednik Associa\u00e7\u00e3o Portuguesa de Hemofilia e de outras Coagulopatias Cong\u00e9nitas (APH), Portugal<\/li>\n<li><strong>Olivia Romero Lux,<\/strong> izvr\u0161na direktorica EHC-a, Francuska<!-- \/wp:paragraph --><br \/>\n<!-- wp:paragraph --><\/li>\n<li><strong>William McKeown, dr. sc.<\/strong> , \u010dlan Upravnog odbora EHC-a, konzultant gerijatar i lije\u010dnik za mo\u017edani udar, voditelj za dodiplomski studij starenja i zdravlja na Sveu\u010dili\u0161tu Queen&#8217;s u Belfastu, UK<\/li>\n<li><strong>Jim O&#8217;Leary<\/strong> , \u010dlan Izvr\u0161nog odbora Irskog dru\u0161tva za hemofiliju (IHS), Irska, <a href=\"https:\/\/community.ehc.eu\/hr\/focus-area\/europska-mreza-za-rijetke-i-inhibitorne-bolesti\/\" target=\"_blank\" rel=\"noopener\">\u010dlan Odbora Europske mre\u017ee za rijetke i inhibitore (ERIN) EHC-a<\/a><br \/>\n<!-- \/wp:paragraph --> <!-- wp:paragraph --><\/li>\n<li><strong>Flora Peyvandi, prof., dr. med., dr. sc.,<\/strong> redovita profesorica interne medicine Sveu\u010dili\u0161ta u Milanu i ravnateljica Centra za hemofiliju i trombozu Angelo Bianchi Bonomi, Poliklini\u010dka bolnica Milano. Voditeljica Odjela za patofiziologiju i transplantaciju na Sveu\u010dili\u0161tu u Milanu, Italija. <\/li>\n<li><strong><strong>Gloria Rooney,<\/strong><\/strong> vi\u0161a medicinska socijalna radnica, Nacionalni centar za koagulaciju, bolnica St. James, Dublin, Irska, <a href=\"https:\/\/www.eahad.org\/about-eahad\/psychosocial-professionals-committee\/\" target=\"_blank\" rel=\"noopener\">Odbor psihosocijalnih stru\u010dnjaka EAHAD-a<\/a><\/li>\n<li><strong>Roger Schutgens, prof.,<\/strong> voditelj odjela, Centar za benignu hematologiju, trombozu i hemostazu, UMC Utrecht, Nizozemska<\/li>\n<li><strong>Susie Shapiro, prof.<\/strong>, Sveu\u010dili\u0161na bolnica Oxford, Oxford, UK  <!-- \/wp:paragraph --><br \/>\n<!-- wp:paragraph --><\/li>\n<li><strong>Sophie Susen, dr. med., dr. sc.,<\/strong> profesorica na Odjelu za hematologiju i voditeljica Odjela za hemostazu i transfuziju, CHU de Lille, Francuska<\/li>\n<li><strong>Stephanie Taylor,<\/strong> specijalistica fizioterapeutkinja, Oxfordski centar za hemofiliju i trombozu, UK<\/li>\n<li><strong>Cathy Verbraeken,<\/strong> <a href=\"https:\/\/community.ehc.eu\/hr\/focus-area\/von-willebrandova-bolest-vwd\/\" target=\"_blank\" rel=\"noopener\">\u010dlanica odbora EHC VWD<\/a> <\/li>\n<li><strong>Valerie Watson, <\/strong>Zagovornik pacijenata, UK<\/li>\n<li><strong>Anna Wells<\/strong> , napredna fizioterapeutkinja za hemofiliju, Centar za hemofiliju, hemostazu i trombozu, Hampshire Hospitals NHS Foundation Trust, UK<\/li>\n<\/ul>\n<p><em>Program je kreirala i vodila <strong>Daria Camilli,<\/strong> voditeljica obrazovanja i komunikacije EHC-a, u koordinaciji s <strong>Williamom McKeownom<\/strong> .<\/em><\/p>\n<h5><strong>EHC \u017eeli zahvaliti ERN-EuroBloodNetu na partnerstvu na \u010detiri webinara ovog edukativnog i programa podizanja svijesti.<\/strong><\/h5>\n<p><img loading=\"lazy\" decoding=\"async\" class=\"aligncenter wp-image-4122 \" src=\"https:\/\/community.ehc.eu\/wp-content\/uploads\/2025\/09\/2-2.jpg\" alt=\"\" width=\"192\" height=\"85\" srcset=\"https:\/\/community.ehc.eu\/wp-content\/uploads\/2025\/09\/2-2.jpg 500w, https:\/\/community.ehc.eu\/wp-content\/uploads\/2025\/09\/2-2-300x133.jpg 300w\" sizes=\"auto, (max-width: 192px) 100vw, 192px\" \/><\/p>\n<p><em>Webinare vode <strong>Daria Camilli<\/strong> , voditeljica edukacije i komunikacije EHC-a, i <strong>Hiba Fadlallah<\/strong> , voditeljica edukacijskog i programa za pacijente ERN-EuroBloodNeta.<\/em><\/p>\n\t\t\t\t\t\t<\/div>\n\t\t\t\t\t\t\t\t\t\t\t\t\t\t<\/div>\n\t\t\t<\/div>\n\t\t<\/div>\n\t<\/div>\n<\/section>\n<figure class=\"wp-block-embed is-type-video is-provider-youtube wp-block-embed-youtube wp-embed-aspect-16-9 wp-has-aspect-ratio\"><div class=\"wp-block-embed__wrapper\">\n<div class=\"jetpack-video-wrapper\"><iframe loading=\"lazy\" title=\"Ageing with a bleeding disorder: a new chapter\" width=\"500\" height=\"281\" src=\"https:\/\/www.youtube.com\/embed\/0PzyIUpGvWk?feature=oembed\" frameborder=\"0\" allow=\"accelerometer; autoplay; clipboard-write; encrypted-media; gyroscope; picture-in-picture; web-share\" referrerpolicy=\"strict-origin-when-cross-origin\" allowfullscreen><\/iframe><\/div>\n<\/div><\/figure>\n<!-- overview --><section  class=\"s-overlay-img s-padding bg-plava\">\n\t<div class=\"container\">\n\t\t<div class=\"row w-full lg:flex-row justify-between text-center lg:text-left gap-14 lg:gap-0 relative z-10\">\n\t\t\t\t\t\t<div class=\"w-full lg:py-10\">\n\t\t\t\t<div class=\"bg-white min-h-full py-12 px-10 lg:py-24 lg:pl-24 xl:pl-44 relative radius-20 z-10\">\n\t\t\t\t\t\t\t\t\t\t\t\t\t\t\t\t\t\t\t\t\t<div class=\"content mt-8\" data-scroll data-fade-up>\n\t\t\t\t\t\t\t<h5><strong>Odricanja od odgovornosti<\/strong><\/h5>\n<p><em>Ovaj program je isklju\u010divo informativnog i edukativnog karaktera. Razvija se, stvara i provodi EHC neovisno o industriji.  Ako prona\u0111ete bilo kakve neto\u010dnosti, molimo prijavite ih na  <\/em><strong><a href=\"mailto:education@ehc.eu\" target=\"_blank\" rel=\"noopener\"><em>education@ehc.eu<\/em><\/a><\/strong> <em>ili<\/em> <strong><a href=\"mailto:communications@ehc.eu\" target=\"_blank\" rel=\"noopener\"><em>communications@ehc.eu<\/em><\/a><\/strong> <em>.<\/em><\/p>\n<p><strong><!-- \/wp:paragraph --> <!-- wp:paragraph --><\/strong><\/p>\n<p><em>Informacije i materijali na ovoj web stranici namijenjeni su samo za op\u0107e informiranje. EHC ne podr\u017eava niti promovira bilo koju odre\u0111enu farmaceutsku organizaciju, lijek ili drugu medicinsku intervenciju; svako spominjanje naziva proizvoda ne predstavlja podr\u0161ku od strane EHC-a. <\/em><\/p>\n\t\t\t\t\t\t<\/div>\n\t\t\t\t\t\t\t\t\t\t\t\t\t\t<\/div>\n\t\t\t<\/div>\n\t\t<\/div>\n\t<\/div>\n<\/section>","protected":false},"excerpt":{"rendered":"","protected":false},"author":6,"featured_media":0,"parent":0,"menu_order":0,"comment_status":"closed","ping_status":"closed","template":"","meta":{"_acf_changed":false,"footnotes":""},"class_list":["post-5006","page","type-page","status-publish","hentry"],"acf":[],"jetpack_sharing_enabled":true,"_links":{"self":[{"href":"https:\/\/community.ehc.eu\/hr\/wp-json\/wp\/v2\/pages\/5006","targetHints":{"allow":["GET"]}}],"collection":[{"href":"https:\/\/community.ehc.eu\/hr\/wp-json\/wp\/v2\/pages"}],"about":[{"href":"https:\/\/community.ehc.eu\/hr\/wp-json\/wp\/v2\/types\/page"}],"author":[{"embeddable":true,"href":"https:\/\/community.ehc.eu\/hr\/wp-json\/wp\/v2\/users\/6"}],"replies":[{"embeddable":true,"href":"https:\/\/community.ehc.eu\/hr\/wp-json\/wp\/v2\/comments?post=5006"}],"version-history":[{"count":2,"href":"https:\/\/community.ehc.eu\/hr\/wp-json\/wp\/v2\/pages\/5006\/revisions"}],"predecessor-version":[{"id":5858,"href":"https:\/\/community.ehc.eu\/hr\/wp-json\/wp\/v2\/pages\/5006\/revisions\/5858"}],"wp:attachment":[{"href":"https:\/\/community.ehc.eu\/hr\/wp-json\/wp\/v2\/media?parent=5006"}],"curies":[{"name":"wp","href":"https:\/\/api.w.org\/{rel}","templated":true}]}}