{"id":5856,"date":"2024-09-17T13:40:13","date_gmt":"2024-09-17T11:40:13","guid":{"rendered":"https:\/\/community.ehc.eu\/politika-kolacica\/"},"modified":"2026-04-14T16:39:27","modified_gmt":"2026-04-14T14:39:27","slug":"politika-kolacica","status":"publish","type":"page","link":"https:\/\/community.ehc.eu\/hr\/politika-kolacica\/","title":{"rendered":"Politika kola\u010di\u0107a"},"content":{"rendered":"<!-- content --><section  class=\"sidebar-content pt-32 lg:pt-56 pb-20 lg:pb-32 z-20\">\n\t<div class=\"container\">\n\t\t<div class=\"relative w-full pt-20 lg:pt-32 z-10\">\n\t\t\t\t\t\t\t\t\t\t\t\t\t<div class=\"content mt-12 lg:mt-0\">\n\t\t\t\t\t\t\t\t\t\t\t<div class=\"title h3 text-50 !mb-24\">\n\t\t\t\t\t\t\tPolitika kola\u010di\u0107a\t\t\t\t\t\t<\/div>\n\t\t\t\t\t\t\t\t\t\t<p><span style=\"font-weight: 400;\">Zadnje a\u017euriranje:<br \/>\n<\/span><b>Rujan 2025<\/b>.<\/p>\n<p><span style=\"font-weight: 400;\">Europski konzorcij za hemofiliju (EHC) predan je za\u0161titi i za\u0161titi va\u0161ih osobnih podataka. Kao dio ove obveze, a\u017eurirali <a href=\"https:\/\/community.ehc.eu\/hr\/politika-privatnosti\/\" target=\"_blank\" rel=\"noopener\"><strong>smo na\u0161u Politiku privatnosti<\/strong><\/a> kako bismo zadovoljili visoke standarde nove Europske op\u0107e uredbe o za\u0161titi podataka. Po\u0161tujemo va\u0161u privatnost i va\u0161e osobne podatke tretiramo s najstro\u017eom povjerljivo\u0161\u0107u.  <\/span><\/p>\n<p><span style=\"font-weight: 400;\">Ova Politika kola\u010di\u0107a namijenjena je da vas transparentno informira o podacima koje prikupljamo, svrsi njihovog prikupljanja, na\u010dinu na koji ih koristimo i pravima koja imate u vezi s obradom takvih podataka.<\/span><\/p>\n<p><strong>\u0160TO SU KEKSI?<\/strong><\/p>\n<p><span style=\"font-weight: 400;\">Kola\u010di\u0107i su mali podaci ili tekstualne datoteke koje web stranice postavljaju na va\u0161e lokalno ra\u010dunalo. Takvi kola\u010di\u0107i mogu imati razli\u010dite svrhe: na primjer, postoje tehni\u010dki kola\u010di\u0107i (npr. postavke jezika), sesijski kola\u010di\u0107i (privremeni kola\u010di\u0107i) i kola\u010di\u0107i za pra\u0107enje (kola\u010di\u0107i koji prate i bilje\u017ee va\u0161e pona\u0161anje na web stranici kako bi se ponudilo bolje korisni\u010dko iskustvo). <\/span><\/p>\n<p><span style=\"font-weight: 400;\">Kola\u010di\u0107 sadr\u017ei jedinstveni kod koji omogu\u0107uje prepoznavanje va\u0161eg preglednika tijekom posjeta web stranici ili pobolj\u0161anje korisni\u010dkog iskustva tijekom ponovljenih posjeta platformi.<\/span><\/p>\n<p><span style=\"font-weight: 400;\">Kola\u010di\u0107e mo\u017ee postaviti poslu\u017eitelj web stranice koju posje\u0107ujete ili partner s kojim ova stranica sura\u0111uje. Server web stranice mo\u017ee \u010ditati samo kola\u010di\u0107e koje je sam postavio. Nema pristup drugim informacijama sadr\u017eanim na va\u0161em ra\u010dunalu ili mobilnom ure\u0111aju.  <\/span><\/p>\n<p><span style=\"font-weight: 400;\">Sadr\u017eaj kola\u010di\u0107a obi\u010dno se sastoji od imena usluge koja je postavila kola\u010di\u0107, datuma isteka i jedinstvenog numeri\u010dkog koda.  <\/span><\/p>\n<p><span style=\"font-weight: 400;\">Kola\u010di\u0107i op\u0107enito olak\u0161avaju i ubrzavaju interakciju izme\u0111u korisnika i web stranice te poma\u017eu korisnicima u navigaciji izme\u0111u razli\u010ditih dijelova web stranice. Kola\u010di\u0107i se tako\u0111er mogu koristiti za personalizaciju sadr\u017eaja web stranice korisniku. <\/span><\/p>\n<p class=\"p1\"><span style=\"font-weight: 400;\">Vi\u0161e informacija o vrstama kola\u010di\u0107a mo\u017ee se prona\u0107i na www.allaboutcookies.org<\/span><strong><a href=\"http:\/\/www.allaboutcookies.org\"><\/a><span style=\"font-weight: 400;\">.<\/span><\/strong><\/p>\n<p><strong>EHC KORISTI SLJEDE\u0106E KOLA\u010cI\u0106E:<\/strong><\/p>\n<ol>\n<li><b>Potrebni kola\u010di\u0107i<\/b><\/li>\n<\/ol>\n<p><span style=\"font-weight: 400;\">Ovi kola\u010di\u0107i su klju\u010dni za posjet na\u0161im web stranicama i kori\u0161tenje odre\u0111enih dijelova njih. Ovi kola\u010di\u0107i omogu\u0107uju vam navigaciju izme\u0111u razli\u010ditih dijelova web stranice ili ispunjavanje obrazaca i sudjelovanje u raspravama na na\u0161oj platformi, na primjer. Tako\u0111er, ako se \u017eelite prijaviti na osobnu platformu EHC-a sa svojim osobnim ra\u010dunom, ovi kola\u010di\u0107i su potrebni za sigurnosnu provjeru va\u0161eg identiteta prije nego \u0161to dopustimo pristup va\u0161im osobnim podacima. Ako odbijete ove kola\u010di\u0107e, odre\u0111eni dijelovi web stranice mo\u017eda ne\u0107e raditi ili ne\u0107e raditi optimalno.   <\/span><\/p>\n<ol start=\"2\">\n<li><b>Funkcionalni kola\u010di\u0107i<\/b><\/li>\n<\/ol>\n<p><span style=\"font-weight: 400;\">Ovi kola\u010di\u0107i olak\u0161avaju i olak\u0161avaju rad na\u0161e web stranice korisnicima te osiguravaju personaliziranije iskustvo pregledavanja. Web stranica koristi registraciju ili newsletter, na primjer. Ovi kola\u010di\u0107i tako\u0111er se mogu koristiti za prepoznavanje ako ponovno posjetite web stranicu, za pohranu va\u0161ih podataka o registraciji ili za pam\u0107enje preferencija koje ste naveli na web stranici.  <\/span><\/p>\n<ol start=\"3\">\n<li><b>Oglasni kola\u010di\u0107i<\/b><\/li>\n<\/ol>\n<p><span style=\"font-weight: 400;\">U odre\u0111enim slu\u010dajevima koristimo kola\u010di\u0107e pouzdanih tre\u0107ih strana. Ova web stranica koristi <strong>Jetpack<\/strong>, WordPress dodatak, koji prikuplja podatke za pobolj\u0161anje funkcionalnosti i korisni\u010dkog iskustva. <a href=\"https:\/\/jetpack.com\/support\/privacy\/\" target=\"_blank\" rel=\"noopener\"><strong>Politika privatnosti Jetpacka<\/strong><\/a> opisuje kako upravlja korisni\u010dkim informacijama, uklju\u010duju\u0107i prikupljanje podataka, pohranu i prakse kori\u0161tenja.   <\/span><\/p>\n<p><span style=\"font-weight: 400;\">Jetpack <a href=\"https:\/\/jetpack.com\/support\/for-your-privacy-policy\/\" target=\"_blank\" rel=\"noopener\">tako\u0111er pru\u017ea alate<\/a> koji poma\u017eu vlasnicima web stranica u kreiranju prilago\u0111enih politika privatnosti, obja\u0161njavaju\u0107i njihove specifi\u010dne prakse rukovanja podacima.<\/span><\/p>\n<p><b>UPRAVLJANJE KOLA\u010cI\u0106IMA<\/b><\/p>\n<p><span style=\"font-weight: 400;\">Tijekom va\u0161eg prvog posjeta na\u0161oj web stranici, molimo vas da prihvatite na\u0161e razli\u010dite vrste kola\u010di\u0107a. Mo\u017eete dopustiti ili odbiti kola\u010di\u0107e prema svakoj kategoriji. U svakom trenutku mo\u017eete promijeniti postavke kola\u010di\u0107a na na\u0161oj web stranici putem poveznice na dnu na\u0161e web stranice i tako povu\u0107i svoju dozvolu.  <\/span><\/p>\n<p><span style=\"font-weight: 400;\">Mo\u017eete odbiti instalaciju ovih kola\u010di\u0107a tijekom prvog posjeta web stranici ozna\u010davanjem &#8216;Odbaci sve&#8217; na ponu\u0111enom sko\u010dnom prozoru.  <\/span><\/p>\n<p><span style=\"font-weight: 400;\">Mo\u017eete odbiti instalaciju kola\u010di\u0107a putem postavki preglednika. Isklju\u010divanje kola\u010di\u0107a mo\u017ee zna\u010diti da vi\u0161e ne mo\u017eete koristiti odre\u0111ene funkcionalnosti web stranice. Y  <\/span><span style=\"font-weight: 400;\">Informacije o tome kako odbiti kola\u010di\u0107e za naj\u010de\u0161\u0107e kori\u0161tene preglednike mo\u017eete prona\u0107i ovdje: <\/span><a href=\"http:\/\/www.aboutcookies.org\/\" target=\"_blank\" rel=\"noopener\"><strong>http:\/\/www.aboutcookies.org\/<\/strong><span style=\"font-weight: 400;\"><br \/>\n<\/span><span style=\"font-weight: 400;\"><br \/>\n<\/span><\/a> <span style=\"font-weight: 400;\">Tako\u0111er, u bilo kojem trenutku, mo\u017eete ukloniti ve\u0107 instalirane kola\u010di\u0107e sa svog ra\u010dunala ili mobilnog ure\u0111aja.<\/span><\/p>\n<p><span style=\"font-weight: 400;\">Ako \u017eelite koristiti web stranicu bez ikakvih ograni\u010denja, molimo provjerite jesu li kola\u010di\u0107i uklju\u010deni u va\u0161em pregledniku. Za uklju\u010divanje kola\u010di\u0107a, u\u010dinite sljede\u0107e: <\/span><\/p>\n<p><strong>Preglednik \u2013 Microsoft Internet Explorer  <\/strong><\/p>\n<ul>\n<li style=\"font-weight: 400;\" aria-level=\"1\"><span style=\"font-weight: 400;\">U Internet Exploreru kliknite na &#8216;Internet options&#8217; u izborniku &#8216;Extra&#8217;.<\/span><\/li>\n<li style=\"font-weight: 400;\" aria-level=\"1\"><span style=\"font-weight: 400;\">Pod karticom &#8216;Privatnost&#8217; premjestite traku postavki na &#8216;Nisko&#8217; ili &#8216;Prihvati sve kola\u010di\u0107e&#8217; (postavka iznad &#8216;srednja&#8217; isklju\u010duje kola\u010di\u0107e).<\/span><\/li>\n<li style=\"font-weight: 400;\" aria-level=\"1\"><span style=\"font-weight: 400;\">Kliknite na &#8216;OK&#8217;.<\/span><\/li>\n<\/ul>\n<p><strong>Preglednik &#8211; Mozilla Firefox<\/strong><\/p>\n<ul>\n<li style=\"font-weight: 400;\" aria-level=\"1\"><span style=\"font-weight: 400;\">Kliknite na &#8216;Firefox&#8217; u gornjem lijevom kutu preglednika, a zatim na &#8216;Options&#8217;.<\/span><\/li>\n<li style=\"font-weight: 400;\" aria-level=\"1\"><span style=\"font-weight: 400;\">Pod karticom &#8216;Privatnost&#8217;, pobrinite se da opcija &#8216;Obavijestite web stranice da ne \u017eelim biti pra\u0107en&#8217; nije ozna\u010dena.<\/span><\/li>\n<li style=\"font-weight: 400;\" aria-level=\"1\"><span style=\"font-weight: 400;\">Kliknite na &#8216;OK&#8217;.<\/span><\/li>\n<\/ul>\n<p><strong>Preglednik &#8211; Google Chrome<\/strong><\/p>\n<ul>\n<li style=\"font-weight: 400;\" aria-level=\"1\"><span style=\"font-weight: 400;\">Kliknite na &#8216;Extra&#8217; na vrhu zaslona preglednika i odaberite &#8216;Options&#8217;.<\/span><\/li>\n<li style=\"font-weight: 400;\" aria-level=\"1\"><span style=\"font-weight: 400;\">Kliknite na karticu &#8216;Ispod haube&#8217;, prona\u0111ite dio &#8216;Privatnost&#8217; i odaberite gumb &#8216;Postavke sadr\u017eaja&#8217;.<\/span><\/li>\n<li style=\"font-weight: 400;\" aria-level=\"1\"><span style=\"font-weight: 400;\">Odaberite &#8216;Dopusti postavljanje lokalnih podataka&#8217;.<\/span><\/li>\n<\/ul>\n<p><strong>Preglednik &#8211; Safari<\/strong><\/p>\n<ul>\n<li style=\"font-weight: 400;\" aria-level=\"1\"><span style=\"font-weight: 400;\">Kliknite na piktogram &#8216;Cog&#8217; na vrhu zaslona preglednika i odaberite opciju &#8216;Preferencija&#8217;.<\/span><\/li>\n<li style=\"font-weight: 400;\" aria-level=\"1\"><span style=\"font-weight: 400;\">Kliknite na &#8216;Sigurnost&#8217;, ozna\u010dite opciju: &#8216;Blokiraj kola\u010di\u0107e tre\u0107ih strana i oglasne kola\u010di\u0107e&#8217;.<\/span><\/li>\n<li style=\"font-weight: 400;\" aria-level=\"1\">Kliknite &#8216;Spremi&#8217;.<\/li>\n<\/ul>\n<p><b>KOMUNIKACIJA S TRE\u0106IM STRANAMA<\/b><\/p>\n<p><span style=\"font-weight: 400;\">EHC tretira osobne podatke kao povjerljive informacije. Ne\u0107e ih prenositi tre\u0107im stranama ni pod kojim uvjetima osim onih navedenih u Politici, kao \u0161to je postizanje ciljeva navedenih i definiranih u ovoj Polici, ili pod uvjetima pod kojima zakon to zahtijeva. <\/span><\/p>\n<p><span style=\"font-weight: 400;\">EHC mo\u017ee va\u0161e osobne podatke prenijeti tre\u0107im stranama u mjeri u kojoj su ti podaci potrebni za izvr\u0161enje ugovora. U takvim slu\u010dajevima, te tre\u0107e strane ne\u0107e komunicirati te informacije s drugim tre\u0107im stranama. <\/span><\/p>\n<p><span style=\"font-weight: 400;\">Komunikacija ovih informacija navedenim osobama, u svim okolnostima, bit \u0107e ograni\u010dena na ono \u0161to je strogo potrebno ili zahtijevano va\u017ee\u0107im propisima.<\/span><\/p>\n<p><b>NAPOMENA O MALOLJETNICIMA<\/b><\/p>\n<p><span style=\"font-weight: 400;\">Osobe mla\u0111e od 13 godina i osobe koje nemaju punu pravnu sposobnost ne smiju koristiti web stranicu bez pristanka roditelja.<\/span><\/p>\n<p><b>A\u017dURIRANJA I PROMJENE POLITIKE<\/b><\/p>\n<p><span style=\"font-weight: 400;\">Informiranjem korisnika putem web stranice, EHC mo\u017ee izmijeniti i prilagoditi Politiku, osobito kako bi se uskladila s novim zakonodavstvom i\/ili propisima koji se primjenjuju (kao \u0161to je Op\u0107a uredba o za\u0161titi podataka koja vrijedi od 25. svibnja 2018.), preporukama Belgijske komisije za privatnost, smjernicama, preporukama i najboljim praksama Europskog odbora za za\u0161titu podataka te odlukama sudova i tribunala o ovom pitanju.<\/span><\/p>\n<p><b>PRIMJENJIVO PRAVO I NADLE\u017dNI SUD<\/b><\/p>\n<p><span style=\"font-weight: 400;\">Valjanost, tuma\u010denje i\/ili provedba Politike podlo\u017eni su belgijskom zakonu.<\/span><\/p>\n<p><span style=\"font-weight: 400;\">U slu\u010daju spora vezanog uz valjanost, tuma\u010denje ili provedbu Politike, sudovi i tribunali u Bruxellesu imaju isklju\u010divu nadle\u017enost, u mjeri dopu\u0161tenoj odredbama primjenjivog privatnog me\u0111unarodnog prava.<\/span><\/p>\n\t\t\t\t<\/div>\n\t\t\t\t\t\t\t\t<\/div>\n\t<\/div>\n\t<figure class=\"absolute top-0 right-[-11%] size-full opacity-[12%] flex justify-end items-start\">\n\t\t<div class=\"size-[116rem] img-contain relative left-[4%]\" data-scroll data-fade-left>\n\t\t\t<img decoding=\"async\" loading=\"lazy\" src=\"https:\/\/community.ehc.eu\/wp-content\/themes\/cbd\/img\/bg-red.svg\" alt=\"bg\">\n\t\t<\/div>\n\t<\/figure>\n<\/section>","protected":false},"excerpt":{"rendered":"","protected":false},"author":3,"featured_media":0,"parent":0,"menu_order":0,"comment_status":"closed","ping_status":"closed","template":"","meta":{"_acf_changed":false,"footnotes":""},"class_list":["post-5856","page","type-page","status-publish","hentry"],"acf":[],"jetpack_sharing_enabled":true,"_links":{"self":[{"href":"https:\/\/community.ehc.eu\/hr\/wp-json\/wp\/v2\/pages\/5856","targetHints":{"allow":["GET"]}}],"collection":[{"href":"https:\/\/community.ehc.eu\/hr\/wp-json\/wp\/v2\/pages"}],"about":[{"href":"https:\/\/community.ehc.eu\/hr\/wp-json\/wp\/v2\/types\/page"}],"author":[{"embeddable":true,"href":"https:\/\/community.ehc.eu\/hr\/wp-json\/wp\/v2\/users\/3"}],"replies":[{"embeddable":true,"href":"https:\/\/community.ehc.eu\/hr\/wp-json\/wp\/v2\/comments?post=5856"}],"version-history":[{"count":1,"href":"https:\/\/community.ehc.eu\/hr\/wp-json\/wp\/v2\/pages\/5856\/revisions"}],"predecessor-version":[{"id":5857,"href":"https:\/\/community.ehc.eu\/hr\/wp-json\/wp\/v2\/pages\/5856\/revisions\/5857"}],"wp:attachment":[{"href":"https:\/\/community.ehc.eu\/hr\/wp-json\/wp\/v2\/media?parent=5856"}],"curies":[{"name":"wp","href":"https:\/\/api.w.org\/{rel}","templated":true}]}}